{"id":228,"date":"2016-12-07T12:45:38","date_gmt":"2016-12-07T11:45:38","guid":{"rendered":"http:\/\/demo.precisethemes.com\/courtyard\/?page_id=8"},"modified":"2024-03-29T09:32:53","modified_gmt":"2024-03-29T08:32:53","slug":"appartement-superieur","status":"publish","type":"page","link":"https:\/\/www.motelascot.fr\/it\/studios-chambres\/appartement-superieur\/","title":{"rendered":"Appartamento Superior"},"content":{"rendered":"BILOCALE<br \/>\nDa 2 a 5 persone &#8211; 34 m2<br \/>\nTerrazza con vista sul giardino, a sud<br \/>\nLetto e divano letto matrimoniale + camera da letto matrimoniale<br \/>\ncucina indipendente equipaggiata<br \/>\nBagno con vasca o doccia<br \/>\nTV satellitare &#8211; Wifi &#8211; Aria condizionata","protected":false},"excerpt":{"rendered":"<p>BILOCALE Da 2 a 5 persone &#8211; 34 m2 Terrazza con vista sul giardino, a sud Letto e divano letto matrimoniale + camera da letto matrimoniale cucina indipendente equipaggiata Bagno con vasca o doccia TV satellitare &#8211; Wifi &#8211; Aria&#8230;<\/p>\n","protected":false},"author":1,"featured_media":1258,"parent":65,"menu_order":3,"comment_status":"closed","ping_status":"closed","template":"page-templates\/template-rooms.php","meta":{"footnotes":""},"class_list":["post-228","page","type-page","status-publish","has-post-thumbnail","hentry"],"yoast_head":"<!-- This site is optimized with the Yoast SEO plugin v24.0 - https:\/\/yoast.com\/wordpress\/plugins\/seo\/ -->\n<title>Appartement Sup\u00e9rieur avec vue mer, C\u00f4te d&#039;Azur, Motel Ascot<\/title>\n<meta name=\"description\" content=\"Avec une vue mer et leur terrasse plein sud, les appartements sup\u00e9rieurs offrent un cadre agr\u00e9able pour des vacances en famille ou entre amis\" \/>\n<meta name=\"robots\" content=\"index, follow, max-snippet:-1, max-image-preview:large, max-video-preview:-1\" \/>\n<link rel=\"canonical\" href=\"https:\/\/www.motelascot.fr\/studios-chambres\/appartement-superieur\/\" \/>\n<meta property=\"og:locale\" content=\"it_IT\" \/>\n<meta property=\"og:type\" content=\"article\" \/>\n<meta property=\"og:title\" content=\"[:fr]Appartement Sup\u00e9rieur avec vue mer, C\u00f4te d&#039;Azur, Motel Ascot[:]\" \/>\n<meta property=\"og:description\" content=\"{:fr}Avec une vue mer et leur terrasse plein sud, les appartements sup\u00e9rieurs offrent un cadre agr\u00e9able pour des vacances en famille ou entre amis {:}\" \/>\n<meta property=\"og:url\" content=\"https:\/\/www.motelascot.fr\/studios-chambres\/appartement-superieur\/\" \/>\n<meta property=\"og:site_name\" content=\"Motel Ascot\" \/>\n<meta property=\"article:publisher\" content=\"https:\/\/www.facebook.com\/pages\/Motel-Ascot-Cagnes-Sur-Mer\/142181375864060\" \/>\n<meta property=\"article:modified_time\" content=\"2024-03-29T08:32:53+00:00\" \/>\n<meta property=\"og:image\" content=\"https:\/\/www.motelascot.fr\/wp-content\/uploads\/Motel-Ascot-studio-17.jpg\" \/>\n\t<meta property=\"og:image:width\" content=\"2048\" \/>\n\t<meta property=\"og:image:height\" content=\"1362\" \/>\n\t<meta property=\"og:image:type\" content=\"image\/jpeg\" \/>\n<meta name=\"twitter:card\" content=\"summary_large_image\" \/>\n<meta name=\"twitter:label1\" content=\"Tempo di lettura stimato\" \/>\n\t<meta name=\"twitter:data1\" content=\"1 minuto\" \/>\n<script type=\"application\/ld+json\" class=\"yoast-schema-graph\">{\"@context\":\"https:\/\/schema.org\",\"@graph\":[{\"@type\":\"WebPage\",\"@id\":\"https:\/\/www.motelascot.fr\/studios-chambres\/appartement-superieur\/\",\"url\":\"https:\/\/www.motelascot.fr\/studios-chambres\/appartement-superieur\/\",\"name\":\"[:fr]Appartement Sup\u00e9rieur avec vue mer, C\u00f4te d'Azur, Motel Ascot[:]\",\"isPartOf\":{\"@id\":\"https:\/\/www.motelascot.fr\/#website\"},\"primaryImageOfPage\":{\"@id\":\"https:\/\/www.motelascot.fr\/studios-chambres\/appartement-superieur\/#primaryimage\"},\"image\":{\"@id\":\"https:\/\/www.motelascot.fr\/studios-chambres\/appartement-superieur\/#primaryimage\"},\"thumbnailUrl\":\"https:\/\/www.motelascot.fr\/wp-content\/uploads\/Motel-Ascot-studio-17.jpg\",\"datePublished\":\"2016-12-07T11:45:38+00:00\",\"dateModified\":\"2024-03-29T08:32:53+00:00\",\"description\":\"{:fr}Avec une vue mer et leur terrasse plein sud, les appartements sup\u00e9rieurs offrent un cadre agr\u00e9able pour des vacances en famille ou entre amis {:}\",\"breadcrumb\":{\"@id\":\"https:\/\/www.motelascot.fr\/studios-chambres\/appartement-superieur\/#breadcrumb\"},\"inLanguage\":\"it-IT\",\"potentialAction\":[{\"@type\":\"ReadAction\",\"target\":[\"https:\/\/www.motelascot.fr\/studios-chambres\/appartement-superieur\/\"]}]},{\"@type\":\"ImageObject\",\"inLanguage\":\"it-IT\",\"@id\":\"https:\/\/www.motelascot.fr\/studios-chambres\/appartement-superieur\/#primaryimage\",\"url\":\"https:\/\/www.motelascot.fr\/wp-content\/uploads\/Motel-Ascot-studio-17.jpg\",\"contentUrl\":\"https:\/\/www.motelascot.fr\/wp-content\/uploads\/Motel-Ascot-studio-17.jpg\",\"width\":2048,\"height\":1362},{\"@type\":\"BreadcrumbList\",\"@id\":\"https:\/\/www.motelascot.fr\/studios-chambres\/appartement-superieur\/#breadcrumb\",\"itemListElement\":[{\"@type\":\"ListItem\",\"position\":1,\"name\":\"Accueil\",\"item\":\"https:\/\/www.motelascot.fr\/\"},{\"@type\":\"ListItem\",\"position\":2,\"name\":\"Studios &#038; Chambres\",\"item\":\"https:\/\/www.motelascot.fr\/studios-chambres\/\"},{\"@type\":\"ListItem\",\"position\":3,\"name\":\"Appartement Vue Mer\"}]},{\"@type\":\"WebSite\",\"@id\":\"https:\/\/www.motelascot.fr\/#website\",\"url\":\"https:\/\/www.motelascot.fr\/\",\"name\":\"Motel Ascot\",\"description\":\"H\u00f4tel et Appartements\",\"publisher\":{\"@id\":\"https:\/\/www.motelascot.fr\/#organization\"},\"potentialAction\":[{\"@type\":\"SearchAction\",\"target\":{\"@type\":\"EntryPoint\",\"urlTemplate\":\"https:\/\/www.motelascot.fr\/?s={search_term_string}\"},\"query-input\":{\"@type\":\"PropertyValueSpecification\",\"valueRequired\":true,\"valueName\":\"search_term_string\"}}],\"inLanguage\":\"it-IT\"},{\"@type\":\"Organization\",\"@id\":\"https:\/\/www.motelascot.fr\/#organization\",\"name\":\"Motel Ascot\",\"url\":\"https:\/\/www.motelascot.fr\/\",\"logo\":{\"@type\":\"ImageObject\",\"inLanguage\":\"it-IT\",\"@id\":\"https:\/\/www.motelascot.fr\/#\/schema\/logo\/image\/\",\"url\":\"https:\/\/www.motelascot.fr\/wp-content\/uploads\/2017\/06\/logo.png\",\"contentUrl\":\"https:\/\/www.motelascot.fr\/wp-content\/uploads\/2017\/06\/logo.png\",\"width\":866,\"height\":264,\"caption\":\"Motel Ascot\"},\"image\":{\"@id\":\"https:\/\/www.motelascot.fr\/#\/schema\/logo\/image\/\"},\"sameAs\":[\"https:\/\/www.facebook.com\/pages\/Motel-Ascot-Cagnes-Sur-Mer\/142181375864060\"]}]}<\/script>\n<!-- \/ Yoast SEO plugin. -->","yoast_head_json":{"title":"Appartement Sup\u00e9rieur avec vue mer, C\u00f4te d'Azur, Motel Ascot","description":"Avec une vue mer et leur terrasse plein sud, les appartements sup\u00e9rieurs offrent un cadre agr\u00e9able pour des vacances en famille ou entre amis","robots":{"index":"index","follow":"follow","max-snippet":"max-snippet:-1","max-image-preview":"max-image-preview:large","max-video-preview":"max-video-preview:-1"},"canonical":"https:\/\/www.motelascot.fr\/studios-chambres\/appartement-superieur\/","og_locale":"it_IT","og_type":"article","og_title":"[:fr]Appartement Sup\u00e9rieur avec vue mer, C\u00f4te d'Azur, Motel Ascot[:]","og_description":"{:fr}Avec une vue mer et leur terrasse plein sud, les appartements sup\u00e9rieurs offrent un cadre agr\u00e9able pour des vacances en famille ou entre amis {:}","og_url":"https:\/\/www.motelascot.fr\/studios-chambres\/appartement-superieur\/","og_site_name":"Motel Ascot","article_publisher":"https:\/\/www.facebook.com\/pages\/Motel-Ascot-Cagnes-Sur-Mer\/142181375864060","article_modified_time":"2024-03-29T08:32:53+00:00","og_image":[{"width":2048,"height":1362,"url":"https:\/\/www.motelascot.fr\/wp-content\/uploads\/Motel-Ascot-studio-17.jpg","type":"image\/jpeg"}],"twitter_card":"summary_large_image","twitter_misc":{"Tempo di lettura stimato":"1 minuto"},"schema":{"@context":"https:\/\/schema.org","@graph":[{"@type":"WebPage","@id":"https:\/\/www.motelascot.fr\/studios-chambres\/appartement-superieur\/","url":"https:\/\/www.motelascot.fr\/studios-chambres\/appartement-superieur\/","name":"[:fr]Appartement Sup\u00e9rieur avec vue mer, C\u00f4te d'Azur, Motel Ascot[:]","isPartOf":{"@id":"https:\/\/www.motelascot.fr\/#website"},"primaryImageOfPage":{"@id":"https:\/\/www.motelascot.fr\/studios-chambres\/appartement-superieur\/#primaryimage"},"image":{"@id":"https:\/\/www.motelascot.fr\/studios-chambres\/appartement-superieur\/#primaryimage"},"thumbnailUrl":"https:\/\/www.motelascot.fr\/wp-content\/uploads\/Motel-Ascot-studio-17.jpg","datePublished":"2016-12-07T11:45:38+00:00","dateModified":"2024-03-29T08:32:53+00:00","description":"{:fr}Avec une vue mer et leur terrasse plein sud, les appartements sup\u00e9rieurs offrent un cadre agr\u00e9able pour des vacances en famille ou entre amis {:}","breadcrumb":{"@id":"https:\/\/www.motelascot.fr\/studios-chambres\/appartement-superieur\/#breadcrumb"},"inLanguage":"it-IT","potentialAction":[{"@type":"ReadAction","target":["https:\/\/www.motelascot.fr\/studios-chambres\/appartement-superieur\/"]}]},{"@type":"ImageObject","inLanguage":"it-IT","@id":"https:\/\/www.motelascot.fr\/studios-chambres\/appartement-superieur\/#primaryimage","url":"https:\/\/www.motelascot.fr\/wp-content\/uploads\/Motel-Ascot-studio-17.jpg","contentUrl":"https:\/\/www.motelascot.fr\/wp-content\/uploads\/Motel-Ascot-studio-17.jpg","width":2048,"height":1362},{"@type":"BreadcrumbList","@id":"https:\/\/www.motelascot.fr\/studios-chambres\/appartement-superieur\/#breadcrumb","itemListElement":[{"@type":"ListItem","position":1,"name":"Accueil","item":"https:\/\/www.motelascot.fr\/"},{"@type":"ListItem","position":2,"name":"Studios &#038; Chambres","item":"https:\/\/www.motelascot.fr\/studios-chambres\/"},{"@type":"ListItem","position":3,"name":"Appartement Vue Mer"}]},{"@type":"WebSite","@id":"https:\/\/www.motelascot.fr\/#website","url":"https:\/\/www.motelascot.fr\/","name":"Motel Ascot","description":"H\u00f4tel et Appartements","publisher":{"@id":"https:\/\/www.motelascot.fr\/#organization"},"potentialAction":[{"@type":"SearchAction","target":{"@type":"EntryPoint","urlTemplate":"https:\/\/www.motelascot.fr\/?s={search_term_string}"},"query-input":{"@type":"PropertyValueSpecification","valueRequired":true,"valueName":"search_term_string"}}],"inLanguage":"it-IT"},{"@type":"Organization","@id":"https:\/\/www.motelascot.fr\/#organization","name":"Motel Ascot","url":"https:\/\/www.motelascot.fr\/","logo":{"@type":"ImageObject","inLanguage":"it-IT","@id":"https:\/\/www.motelascot.fr\/#\/schema\/logo\/image\/","url":"https:\/\/www.motelascot.fr\/wp-content\/uploads\/2017\/06\/logo.png","contentUrl":"https:\/\/www.motelascot.fr\/wp-content\/uploads\/2017\/06\/logo.png","width":866,"height":264,"caption":"Motel Ascot"},"image":{"@id":"https:\/\/www.motelascot.fr\/#\/schema\/logo\/image\/"},"sameAs":["https:\/\/www.facebook.com\/pages\/Motel-Ascot-Cagnes-Sur-Mer\/142181375864060"]}]}},"_links":{"self":[{"href":"https:\/\/www.motelascot.fr\/it\/wp-json\/wp\/v2\/pages\/228"}],"collection":[{"href":"https:\/\/www.motelascot.fr\/it\/wp-json\/wp\/v2\/pages"}],"about":[{"href":"https:\/\/www.motelascot.fr\/it\/wp-json\/wp\/v2\/types\/page"}],"author":[{"embeddable":true,"href":"https:\/\/www.motelascot.fr\/it\/wp-json\/wp\/v2\/users\/1"}],"replies":[{"embeddable":true,"href":"https:\/\/www.motelascot.fr\/it\/wp-json\/wp\/v2\/comments?post=228"}],"version-history":[{"count":4,"href":"https:\/\/www.motelascot.fr\/it\/wp-json\/wp\/v2\/pages\/228\/revisions"}],"predecessor-version":[{"id":1271,"href":"https:\/\/www.motelascot.fr\/it\/wp-json\/wp\/v2\/pages\/228\/revisions\/1271"}],"up":[{"embeddable":true,"href":"https:\/\/www.motelascot.fr\/it\/wp-json\/wp\/v2\/pages\/65"}],"wp:featuredmedia":[{"embeddable":true,"href":"https:\/\/www.motelascot.fr\/it\/wp-json\/wp\/v2\/media\/1258"}],"wp:attachment":[{"href":"https:\/\/www.motelascot.fr\/it\/wp-json\/wp\/v2\/media?parent=228"}],"curies":[{"name":"wp","href":"https:\/\/api.w.org\/{rel}","templated":true}]}}