{"id":1272,"date":"2024-03-28T16:36:33","date_gmt":"2024-03-28T15:36:33","guid":{"rendered":"https:\/\/www.motelascot.fr\/?page_id=1272"},"modified":"2025-01-19T09:49:57","modified_gmt":"2025-01-19T08:49:57","slug":"appartement-superieur-avec-terrasse-vue-mer-et-parc","status":"publish","type":"page","link":"https:\/\/www.motelascot.fr\/it\/studios-chambres\/appartement-superieur-avec-terrasse-vue-mer-et-parc\/","title":{"rendered":"Appartamento Superior con terrazza, vista mare e parco"},"content":{"rendered":"Appartamento di 2 locali<br \/>\nDa 2 a 5 persone &#8211; 34 m2<br \/>\nTerrazzo esposto a sud con vista mare e vista sul nuovo parco alberato<br \/>\nLetto matrimoniale + divano letto + Camera indipendente con letto matrimoniale<br \/>\nCucina indipendente attrezzata recentemente ristrutturata<br \/>\nBagno con vasca<br \/>\nTV satellitare (Canal +, Canal + Sport, Equidia&#8230;) &#8211; Wifi &#8211; Aria condizionata<br \/>\nSpazio di archiviazione: sicuro<\/p>","protected":false},"excerpt":{"rendered":"<p>Appartamento di 2 locali Da 2 a 5 persone &#8211; 34 m2 Terrazzo esposto a sud con vista mare e vista sul nuovo parco alberato Letto matrimoniale + divano letto + Camera indipendente con letto matrimoniale Cucina indipendente attrezzata recentemente&#8230;<\/p>\n","protected":false},"author":1,"featured_media":1258,"parent":65,"menu_order":2,"comment_status":"closed","ping_status":"closed","template":"page-templates\/template-rooms.php","meta":{"footnotes":""},"class_list":["post-1272","page","type-page","status-publish","has-post-thumbnail","hentry"],"yoast_head":"<!-- This site is optimized with the Yoast SEO plugin v24.0 - https:\/\/yoast.com\/wordpress\/plugins\/seo\/ -->\n<title>Appartamento Superior con terrazza, vista mare e parco - Motel Ascot<\/title>\n<meta name=\"description\" content=\"Une partie des logements vue mer on \u00e9t\u00e9 r\u00e9cemment r\u00e9nov\u00e9 en 2024 pour offrir toujours plus de confort au Motel Ascot de Cagnes\" \/>\n<meta name=\"robots\" content=\"index, follow, max-snippet:-1, max-image-preview:large, max-video-preview:-1\" \/>\n<link rel=\"canonical\" href=\"https:\/\/www.motelascot.fr\/studios-chambres\/appartement-superieur-avec-terrasse-vue-mer-et-parc\/\" \/>\n<meta property=\"og:locale\" content=\"it_IT\" \/>\n<meta property=\"og:type\" content=\"article\" \/>\n<meta property=\"og:title\" content=\"Appartamento Superior con terrazza, vista mare e parco - Motel Ascot\" \/>\n<meta property=\"og:description\" content=\"{:fr}Une partie des logements vue mer on \u00e9t\u00e9 r\u00e9cemment r\u00e9nov\u00e9 en 2024 pour offrir toujours plus de confort au Motel Ascot de Cagnes{:}\" \/>\n<meta property=\"og:url\" content=\"https:\/\/www.motelascot.fr\/studios-chambres\/appartement-superieur-avec-terrasse-vue-mer-et-parc\/\" \/>\n<meta property=\"og:site_name\" content=\"Motel Ascot\" \/>\n<meta property=\"article:publisher\" content=\"https:\/\/www.facebook.com\/pages\/Motel-Ascot-Cagnes-Sur-Mer\/142181375864060\" \/>\n<meta property=\"article:modified_time\" content=\"2025-01-19T08:49:57+00:00\" \/>\n<meta property=\"og:image\" content=\"https:\/\/www.motelascot.fr\/wp-content\/uploads\/Motel-Ascot-studio-17.jpg\" \/>\n\t<meta property=\"og:image:width\" content=\"2048\" \/>\n\t<meta property=\"og:image:height\" content=\"1362\" \/>\n\t<meta property=\"og:image:type\" content=\"image\/jpeg\" \/>\n<meta name=\"twitter:card\" content=\"summary_large_image\" \/>\n<meta name=\"twitter:label1\" content=\"Tempo di lettura stimato\" \/>\n\t<meta name=\"twitter:data1\" content=\"2 minuti\" \/>\n<script type=\"application\/ld+json\" class=\"yoast-schema-graph\">{\"@context\":\"https:\/\/schema.org\",\"@graph\":[{\"@type\":\"WebPage\",\"@id\":\"https:\/\/www.motelascot.fr\/studios-chambres\/appartement-superieur-avec-terrasse-vue-mer-et-parc\/\",\"url\":\"https:\/\/www.motelascot.fr\/studios-chambres\/appartement-superieur-avec-terrasse-vue-mer-et-parc\/\",\"name\":\"Appartamento Superior con terrazza, vista mare e parco - Motel Ascot\",\"isPartOf\":{\"@id\":\"https:\/\/www.motelascot.fr\/#website\"},\"primaryImageOfPage\":{\"@id\":\"https:\/\/www.motelascot.fr\/studios-chambres\/appartement-superieur-avec-terrasse-vue-mer-et-parc\/#primaryimage\"},\"image\":{\"@id\":\"https:\/\/www.motelascot.fr\/studios-chambres\/appartement-superieur-avec-terrasse-vue-mer-et-parc\/#primaryimage\"},\"thumbnailUrl\":\"https:\/\/www.motelascot.fr\/wp-content\/uploads\/Motel-Ascot-studio-17.jpg\",\"datePublished\":\"2024-03-28T15:36:33+00:00\",\"dateModified\":\"2025-01-19T08:49:57+00:00\",\"description\":\"{:fr}Une partie des logements vue mer on \u00e9t\u00e9 r\u00e9cemment r\u00e9nov\u00e9 en 2024 pour offrir toujours plus de confort au Motel Ascot de Cagnes{:}\",\"breadcrumb\":{\"@id\":\"https:\/\/www.motelascot.fr\/studios-chambres\/appartement-superieur-avec-terrasse-vue-mer-et-parc\/#breadcrumb\"},\"inLanguage\":\"it-IT\",\"potentialAction\":[{\"@type\":\"ReadAction\",\"target\":[\"https:\/\/www.motelascot.fr\/studios-chambres\/appartement-superieur-avec-terrasse-vue-mer-et-parc\/\"]}]},{\"@type\":\"ImageObject\",\"inLanguage\":\"it-IT\",\"@id\":\"https:\/\/www.motelascot.fr\/studios-chambres\/appartement-superieur-avec-terrasse-vue-mer-et-parc\/#primaryimage\",\"url\":\"https:\/\/www.motelascot.fr\/wp-content\/uploads\/Motel-Ascot-studio-17.jpg\",\"contentUrl\":\"https:\/\/www.motelascot.fr\/wp-content\/uploads\/Motel-Ascot-studio-17.jpg\",\"width\":2048,\"height\":1362},{\"@type\":\"BreadcrumbList\",\"@id\":\"https:\/\/www.motelascot.fr\/studios-chambres\/appartement-superieur-avec-terrasse-vue-mer-et-parc\/#breadcrumb\",\"itemListElement\":[{\"@type\":\"ListItem\",\"position\":1,\"name\":\"Accueil\",\"item\":\"https:\/\/www.motelascot.fr\/\"},{\"@type\":\"ListItem\",\"position\":2,\"name\":\"Studios &#038; Chambres\",\"item\":\"https:\/\/www.motelascot.fr\/studios-chambres\/\"},{\"@type\":\"ListItem\",\"position\":3,\"name\":\"Appartement sup\u00e9rieur avec terrasse, vue mer et parc\"}]},{\"@type\":\"WebSite\",\"@id\":\"https:\/\/www.motelascot.fr\/#website\",\"url\":\"https:\/\/www.motelascot.fr\/\",\"name\":\"Motel Ascot\",\"description\":\"H\u00f4tel et Appartements\",\"publisher\":{\"@id\":\"https:\/\/www.motelascot.fr\/#organization\"},\"potentialAction\":[{\"@type\":\"SearchAction\",\"target\":{\"@type\":\"EntryPoint\",\"urlTemplate\":\"https:\/\/www.motelascot.fr\/?s={search_term_string}\"},\"query-input\":{\"@type\":\"PropertyValueSpecification\",\"valueRequired\":true,\"valueName\":\"search_term_string\"}}],\"inLanguage\":\"it-IT\"},{\"@type\":\"Organization\",\"@id\":\"https:\/\/www.motelascot.fr\/#organization\",\"name\":\"Motel Ascot\",\"url\":\"https:\/\/www.motelascot.fr\/\",\"logo\":{\"@type\":\"ImageObject\",\"inLanguage\":\"it-IT\",\"@id\":\"https:\/\/www.motelascot.fr\/#\/schema\/logo\/image\/\",\"url\":\"https:\/\/www.motelascot.fr\/wp-content\/uploads\/2017\/06\/logo.png\",\"contentUrl\":\"https:\/\/www.motelascot.fr\/wp-content\/uploads\/2017\/06\/logo.png\",\"width\":866,\"height\":264,\"caption\":\"Motel Ascot\"},\"image\":{\"@id\":\"https:\/\/www.motelascot.fr\/#\/schema\/logo\/image\/\"},\"sameAs\":[\"https:\/\/www.facebook.com\/pages\/Motel-Ascot-Cagnes-Sur-Mer\/142181375864060\"]}]}<\/script>\n<!-- \/ Yoast SEO plugin. -->","yoast_head_json":{"title":"Appartamento Superior con terrazza, vista mare e parco - Motel Ascot","description":"Une partie des logements vue mer on \u00e9t\u00e9 r\u00e9cemment r\u00e9nov\u00e9 en 2024 pour offrir toujours plus de confort au Motel Ascot de Cagnes","robots":{"index":"index","follow":"follow","max-snippet":"max-snippet:-1","max-image-preview":"max-image-preview:large","max-video-preview":"max-video-preview:-1"},"canonical":"https:\/\/www.motelascot.fr\/studios-chambres\/appartement-superieur-avec-terrasse-vue-mer-et-parc\/","og_locale":"it_IT","og_type":"article","og_title":"Appartamento Superior con terrazza, vista mare e parco - Motel Ascot","og_description":"{:fr}Une partie des logements vue mer on \u00e9t\u00e9 r\u00e9cemment r\u00e9nov\u00e9 en 2024 pour offrir toujours plus de confort au Motel Ascot de Cagnes{:}","og_url":"https:\/\/www.motelascot.fr\/studios-chambres\/appartement-superieur-avec-terrasse-vue-mer-et-parc\/","og_site_name":"Motel Ascot","article_publisher":"https:\/\/www.facebook.com\/pages\/Motel-Ascot-Cagnes-Sur-Mer\/142181375864060","article_modified_time":"2025-01-19T08:49:57+00:00","og_image":[{"width":2048,"height":1362,"url":"https:\/\/www.motelascot.fr\/wp-content\/uploads\/Motel-Ascot-studio-17.jpg","type":"image\/jpeg"}],"twitter_card":"summary_large_image","twitter_misc":{"Tempo di lettura stimato":"2 minuti"},"schema":{"@context":"https:\/\/schema.org","@graph":[{"@type":"WebPage","@id":"https:\/\/www.motelascot.fr\/studios-chambres\/appartement-superieur-avec-terrasse-vue-mer-et-parc\/","url":"https:\/\/www.motelascot.fr\/studios-chambres\/appartement-superieur-avec-terrasse-vue-mer-et-parc\/","name":"Appartamento Superior con terrazza, vista mare e parco - Motel Ascot","isPartOf":{"@id":"https:\/\/www.motelascot.fr\/#website"},"primaryImageOfPage":{"@id":"https:\/\/www.motelascot.fr\/studios-chambres\/appartement-superieur-avec-terrasse-vue-mer-et-parc\/#primaryimage"},"image":{"@id":"https:\/\/www.motelascot.fr\/studios-chambres\/appartement-superieur-avec-terrasse-vue-mer-et-parc\/#primaryimage"},"thumbnailUrl":"https:\/\/www.motelascot.fr\/wp-content\/uploads\/Motel-Ascot-studio-17.jpg","datePublished":"2024-03-28T15:36:33+00:00","dateModified":"2025-01-19T08:49:57+00:00","description":"{:fr}Une partie des logements vue mer on \u00e9t\u00e9 r\u00e9cemment r\u00e9nov\u00e9 en 2024 pour offrir toujours plus de confort au Motel Ascot de Cagnes{:}","breadcrumb":{"@id":"https:\/\/www.motelascot.fr\/studios-chambres\/appartement-superieur-avec-terrasse-vue-mer-et-parc\/#breadcrumb"},"inLanguage":"it-IT","potentialAction":[{"@type":"ReadAction","target":["https:\/\/www.motelascot.fr\/studios-chambres\/appartement-superieur-avec-terrasse-vue-mer-et-parc\/"]}]},{"@type":"ImageObject","inLanguage":"it-IT","@id":"https:\/\/www.motelascot.fr\/studios-chambres\/appartement-superieur-avec-terrasse-vue-mer-et-parc\/#primaryimage","url":"https:\/\/www.motelascot.fr\/wp-content\/uploads\/Motel-Ascot-studio-17.jpg","contentUrl":"https:\/\/www.motelascot.fr\/wp-content\/uploads\/Motel-Ascot-studio-17.jpg","width":2048,"height":1362},{"@type":"BreadcrumbList","@id":"https:\/\/www.motelascot.fr\/studios-chambres\/appartement-superieur-avec-terrasse-vue-mer-et-parc\/#breadcrumb","itemListElement":[{"@type":"ListItem","position":1,"name":"Accueil","item":"https:\/\/www.motelascot.fr\/"},{"@type":"ListItem","position":2,"name":"Studios &#038; Chambres","item":"https:\/\/www.motelascot.fr\/studios-chambres\/"},{"@type":"ListItem","position":3,"name":"Appartement sup\u00e9rieur avec terrasse, vue mer et parc"}]},{"@type":"WebSite","@id":"https:\/\/www.motelascot.fr\/#website","url":"https:\/\/www.motelascot.fr\/","name":"Motel Ascot","description":"H\u00f4tel et Appartements","publisher":{"@id":"https:\/\/www.motelascot.fr\/#organization"},"potentialAction":[{"@type":"SearchAction","target":{"@type":"EntryPoint","urlTemplate":"https:\/\/www.motelascot.fr\/?s={search_term_string}"},"query-input":{"@type":"PropertyValueSpecification","valueRequired":true,"valueName":"search_term_string"}}],"inLanguage":"it-IT"},{"@type":"Organization","@id":"https:\/\/www.motelascot.fr\/#organization","name":"Motel Ascot","url":"https:\/\/www.motelascot.fr\/","logo":{"@type":"ImageObject","inLanguage":"it-IT","@id":"https:\/\/www.motelascot.fr\/#\/schema\/logo\/image\/","url":"https:\/\/www.motelascot.fr\/wp-content\/uploads\/2017\/06\/logo.png","contentUrl":"https:\/\/www.motelascot.fr\/wp-content\/uploads\/2017\/06\/logo.png","width":866,"height":264,"caption":"Motel Ascot"},"image":{"@id":"https:\/\/www.motelascot.fr\/#\/schema\/logo\/image\/"},"sameAs":["https:\/\/www.facebook.com\/pages\/Motel-Ascot-Cagnes-Sur-Mer\/142181375864060"]}]}},"_links":{"self":[{"href":"https:\/\/www.motelascot.fr\/it\/wp-json\/wp\/v2\/pages\/1272"}],"collection":[{"href":"https:\/\/www.motelascot.fr\/it\/wp-json\/wp\/v2\/pages"}],"about":[{"href":"https:\/\/www.motelascot.fr\/it\/wp-json\/wp\/v2\/types\/page"}],"author":[{"embeddable":true,"href":"https:\/\/www.motelascot.fr\/it\/wp-json\/wp\/v2\/users\/1"}],"replies":[{"embeddable":true,"href":"https:\/\/www.motelascot.fr\/it\/wp-json\/wp\/v2\/comments?post=1272"}],"version-history":[{"count":11,"href":"https:\/\/www.motelascot.fr\/it\/wp-json\/wp\/v2\/pages\/1272\/revisions"}],"predecessor-version":[{"id":1450,"href":"https:\/\/www.motelascot.fr\/it\/wp-json\/wp\/v2\/pages\/1272\/revisions\/1450"}],"up":[{"embeddable":true,"href":"https:\/\/www.motelascot.fr\/it\/wp-json\/wp\/v2\/pages\/65"}],"wp:featuredmedia":[{"embeddable":true,"href":"https:\/\/www.motelascot.fr\/it\/wp-json\/wp\/v2\/media\/1258"}],"wp:attachment":[{"href":"https:\/\/www.motelascot.fr\/it\/wp-json\/wp\/v2\/media?parent=1272"}],"curies":[{"name":"wp","href":"https:\/\/api.w.org\/{rel}","templated":true}]}}