{"id":75,"date":"2016-12-08T07:30:10","date_gmt":"2016-12-08T06:30:10","guid":{"rendered":"http:\/\/demo.precisethemes.com\/courtyard\/?page_id=75"},"modified":"2017-09-19T20:22:02","modified_gmt":"2017-09-19T18:22:02","slug":"services","status":"publish","type":"page","link":"https:\/\/www.motelascot.fr\/es\/services\/","title":{"rendered":"Services"},"content":{"rendered":"","protected":false},"excerpt":{"rendered":"","protected":false},"author":1,"featured_media":0,"parent":0,"menu_order":0,"comment_status":"closed","ping_status":"closed","template":"page-templates\/template-services-list.php","meta":{"footnotes":""},"class_list":["post-75","page","type-page","status-publish","hentry"],"yoast_head":"<!-- This site is optimized with the Yoast SEO plugin v24.0 - https:\/\/yoast.com\/wordpress\/plugins\/seo\/ -->\n<title>Services Motel Ascot - Hotel vacances en famille C\u00f4te d\u2019Azur<\/title>\n<meta name=\"description\" content=\"Le Motel Ascot est l&#039;un des seuls \u00e9tablissements cagnois \u00e0 offrir gratuitement un parking priv\u00e9 ferm\u00e9 la nuit, un espace r\u00e9serv\u00e9 aux enfants\u2026\" \/>\n<meta name=\"robots\" content=\"index, follow, max-snippet:-1, max-image-preview:large, max-video-preview:-1\" \/>\n<link rel=\"canonical\" href=\"https:\/\/www.motelascot.fr\/services\/\" \/>\n<meta property=\"og:locale\" content=\"es_ES\" \/>\n<meta property=\"og:type\" content=\"article\" \/>\n<meta property=\"og:title\" content=\"[:fr]Services Motel Ascot - Hotel vacances en famille C\u00f4te d\u2019Azur[:it]Servizi, Motel Ascot , vacanze in famiglia sulla Costa Azurra [:]\" \/>\n<meta property=\"og:description\" content=\"{:fr}Le Motel Ascot est l&#039;un des seuls \u00e9tablissements cagnois \u00e0 offrir gratuitement un parking priv\u00e9 ferm\u00e9 la nuit, un espace r\u00e9serv\u00e9 aux enfants\u2026{:it}Il Motel Ascot \u00e8 un osteria di Cagnes sur mer ad offrire gratuito un parcheggio privato chiuso la notte, uno spazio per i bambini... {:}\" \/>\n<meta property=\"og:url\" content=\"https:\/\/www.motelascot.fr\/services\/\" \/>\n<meta property=\"og:site_name\" content=\"Motel Ascot\" \/>\n<meta property=\"article:publisher\" content=\"https:\/\/www.facebook.com\/pages\/Motel-Ascot-Cagnes-Sur-Mer\/142181375864060\" \/>\n<meta property=\"article:modified_time\" content=\"2017-09-19T18:22:02+00:00\" \/>\n<meta name=\"twitter:card\" content=\"summary_large_image\" \/>\n<script type=\"application\/ld+json\" class=\"yoast-schema-graph\">{\"@context\":\"https:\/\/schema.org\",\"@graph\":[{\"@type\":\"WebPage\",\"@id\":\"https:\/\/www.motelascot.fr\/services\/\",\"url\":\"https:\/\/www.motelascot.fr\/services\/\",\"name\":\"[:fr]Services Motel Ascot - Hotel vacances en famille C\u00f4te d\u2019Azur[:it]Servizi, Motel Ascot , vacanze in famiglia sulla Costa Azurra [:]\",\"isPartOf\":{\"@id\":\"https:\/\/www.motelascot.fr\/#website\"},\"datePublished\":\"2016-12-08T06:30:10+00:00\",\"dateModified\":\"2017-09-19T18:22:02+00:00\",\"description\":\"{:fr}Le Motel Ascot est l'un des seuls \u00e9tablissements cagnois \u00e0 offrir gratuitement un parking priv\u00e9 ferm\u00e9 la nuit, un espace r\u00e9serv\u00e9 aux enfants\u2026{:it}Il Motel Ascot \u00e8 un osteria di Cagnes sur mer ad offrire gratuito un parcheggio privato chiuso la notte, uno spazio per i bambini... {:}\",\"breadcrumb\":{\"@id\":\"https:\/\/www.motelascot.fr\/services\/#breadcrumb\"},\"inLanguage\":\"es\",\"potentialAction\":[{\"@type\":\"ReadAction\",\"target\":[\"https:\/\/www.motelascot.fr\/services\/\"]}]},{\"@type\":\"BreadcrumbList\",\"@id\":\"https:\/\/www.motelascot.fr\/services\/#breadcrumb\",\"itemListElement\":[{\"@type\":\"ListItem\",\"position\":1,\"name\":\"Accueil\",\"item\":\"https:\/\/www.motelascot.fr\/\"},{\"@type\":\"ListItem\",\"position\":2,\"name\":\"Services\"}]},{\"@type\":\"WebSite\",\"@id\":\"https:\/\/www.motelascot.fr\/#website\",\"url\":\"https:\/\/www.motelascot.fr\/\",\"name\":\"Motel Ascot\",\"description\":\"H\u00f4tel et Appartements\",\"publisher\":{\"@id\":\"https:\/\/www.motelascot.fr\/#organization\"},\"potentialAction\":[{\"@type\":\"SearchAction\",\"target\":{\"@type\":\"EntryPoint\",\"urlTemplate\":\"https:\/\/www.motelascot.fr\/?s={search_term_string}\"},\"query-input\":{\"@type\":\"PropertyValueSpecification\",\"valueRequired\":true,\"valueName\":\"search_term_string\"}}],\"inLanguage\":\"es\"},{\"@type\":\"Organization\",\"@id\":\"https:\/\/www.motelascot.fr\/#organization\",\"name\":\"Motel Ascot\",\"url\":\"https:\/\/www.motelascot.fr\/\",\"logo\":{\"@type\":\"ImageObject\",\"inLanguage\":\"es\",\"@id\":\"https:\/\/www.motelascot.fr\/#\/schema\/logo\/image\/\",\"url\":\"https:\/\/www.motelascot.fr\/wp-content\/uploads\/2017\/06\/logo.png\",\"contentUrl\":\"https:\/\/www.motelascot.fr\/wp-content\/uploads\/2017\/06\/logo.png\",\"width\":866,\"height\":264,\"caption\":\"Motel Ascot\"},\"image\":{\"@id\":\"https:\/\/www.motelascot.fr\/#\/schema\/logo\/image\/\"},\"sameAs\":[\"https:\/\/www.facebook.com\/pages\/Motel-Ascot-Cagnes-Sur-Mer\/142181375864060\"]}]}<\/script>\n<!-- \/ Yoast SEO plugin. -->","yoast_head_json":{"title":"Services Motel Ascot - Hotel vacances en famille C\u00f4te d\u2019Azur","description":"Le Motel Ascot est l'un des seuls \u00e9tablissements cagnois \u00e0 offrir gratuitement un parking priv\u00e9 ferm\u00e9 la nuit, un espace r\u00e9serv\u00e9 aux enfants\u2026","robots":{"index":"index","follow":"follow","max-snippet":"max-snippet:-1","max-image-preview":"max-image-preview:large","max-video-preview":"max-video-preview:-1"},"canonical":"https:\/\/www.motelascot.fr\/services\/","og_locale":"es_ES","og_type":"article","og_title":"[:fr]Services Motel Ascot - Hotel vacances en famille C\u00f4te d\u2019Azur[:it]Servizi, Motel Ascot , vacanze in famiglia sulla Costa Azurra [:]","og_description":"{:fr}Le Motel Ascot est l'un des seuls \u00e9tablissements cagnois \u00e0 offrir gratuitement un parking priv\u00e9 ferm\u00e9 la nuit, un espace r\u00e9serv\u00e9 aux enfants\u2026{:it}Il Motel Ascot \u00e8 un osteria di Cagnes sur mer ad offrire gratuito un parcheggio privato chiuso la notte, uno spazio per i bambini... {:}","og_url":"https:\/\/www.motelascot.fr\/services\/","og_site_name":"Motel Ascot","article_publisher":"https:\/\/www.facebook.com\/pages\/Motel-Ascot-Cagnes-Sur-Mer\/142181375864060","article_modified_time":"2017-09-19T18:22:02+00:00","twitter_card":"summary_large_image","schema":{"@context":"https:\/\/schema.org","@graph":[{"@type":"WebPage","@id":"https:\/\/www.motelascot.fr\/services\/","url":"https:\/\/www.motelascot.fr\/services\/","name":"[:fr]Services Motel Ascot - Hotel vacances en famille C\u00f4te d\u2019Azur[:it]Servizi, Motel Ascot , vacanze in famiglia sulla Costa Azurra [:]","isPartOf":{"@id":"https:\/\/www.motelascot.fr\/#website"},"datePublished":"2016-12-08T06:30:10+00:00","dateModified":"2017-09-19T18:22:02+00:00","description":"{:fr}Le Motel Ascot est l'un des seuls \u00e9tablissements cagnois \u00e0 offrir gratuitement un parking priv\u00e9 ferm\u00e9 la nuit, un espace r\u00e9serv\u00e9 aux enfants\u2026{:it}Il Motel Ascot \u00e8 un osteria di Cagnes sur mer ad offrire gratuito un parcheggio privato chiuso la notte, uno spazio per i bambini... {:}","breadcrumb":{"@id":"https:\/\/www.motelascot.fr\/services\/#breadcrumb"},"inLanguage":"es","potentialAction":[{"@type":"ReadAction","target":["https:\/\/www.motelascot.fr\/services\/"]}]},{"@type":"BreadcrumbList","@id":"https:\/\/www.motelascot.fr\/services\/#breadcrumb","itemListElement":[{"@type":"ListItem","position":1,"name":"Accueil","item":"https:\/\/www.motelascot.fr\/"},{"@type":"ListItem","position":2,"name":"Services"}]},{"@type":"WebSite","@id":"https:\/\/www.motelascot.fr\/#website","url":"https:\/\/www.motelascot.fr\/","name":"Motel Ascot","description":"H\u00f4tel et Appartements","publisher":{"@id":"https:\/\/www.motelascot.fr\/#organization"},"potentialAction":[{"@type":"SearchAction","target":{"@type":"EntryPoint","urlTemplate":"https:\/\/www.motelascot.fr\/?s={search_term_string}"},"query-input":{"@type":"PropertyValueSpecification","valueRequired":true,"valueName":"search_term_string"}}],"inLanguage":"es"},{"@type":"Organization","@id":"https:\/\/www.motelascot.fr\/#organization","name":"Motel Ascot","url":"https:\/\/www.motelascot.fr\/","logo":{"@type":"ImageObject","inLanguage":"es","@id":"https:\/\/www.motelascot.fr\/#\/schema\/logo\/image\/","url":"https:\/\/www.motelascot.fr\/wp-content\/uploads\/2017\/06\/logo.png","contentUrl":"https:\/\/www.motelascot.fr\/wp-content\/uploads\/2017\/06\/logo.png","width":866,"height":264,"caption":"Motel Ascot"},"image":{"@id":"https:\/\/www.motelascot.fr\/#\/schema\/logo\/image\/"},"sameAs":["https:\/\/www.facebook.com\/pages\/Motel-Ascot-Cagnes-Sur-Mer\/142181375864060"]}]}},"_links":{"self":[{"href":"https:\/\/www.motelascot.fr\/es\/wp-json\/wp\/v2\/pages\/75"}],"collection":[{"href":"https:\/\/www.motelascot.fr\/es\/wp-json\/wp\/v2\/pages"}],"about":[{"href":"https:\/\/www.motelascot.fr\/es\/wp-json\/wp\/v2\/types\/page"}],"author":[{"embeddable":true,"href":"https:\/\/www.motelascot.fr\/es\/wp-json\/wp\/v2\/users\/1"}],"replies":[{"embeddable":true,"href":"https:\/\/www.motelascot.fr\/es\/wp-json\/wp\/v2\/comments?post=75"}],"version-history":[{"count":2,"href":"https:\/\/www.motelascot.fr\/es\/wp-json\/wp\/v2\/pages\/75\/revisions"}],"predecessor-version":[{"id":669,"href":"https:\/\/www.motelascot.fr\/es\/wp-json\/wp\/v2\/pages\/75\/revisions\/669"}],"wp:attachment":[{"href":"https:\/\/www.motelascot.fr\/es\/wp-json\/wp\/v2\/media?parent=75"}],"curies":[{"name":"wp","href":"https:\/\/api.w.org\/{rel}","templated":true}]}}