{"id":296,"date":"2017-05-23T10:10:39","date_gmt":"2017-05-23T08:10:39","guid":{"rendered":"http:\/\/localhost:8888\/?page_id=296"},"modified":"2023-04-12T10:19:08","modified_gmt":"2023-04-12T08:19:08","slug":"petit-dejeuner","status":"publish","type":"page","link":"https:\/\/www.motelascot.fr\/es\/services\/petit-dejeuner\/","title":{"rendered":"Desayuno"},"content":{"rendered":"<p class=\"qtranxs-available-languages-message qtranxs-available-languages-message-es\"> <\/p>","protected":false},"excerpt":{"rendered":"","protected":false},"author":1,"featured_media":0,"parent":75,"menu_order":12,"comment_status":"closed","ping_status":"closed","template":"page-templates\/template-services.php","meta":{"footnotes":""},"class_list":["post-296","page","type-page","status-publish","hentry"],"yoast_head":"<!-- This site is optimized with the Yoast SEO plugin v24.0 - https:\/\/yoast.com\/wordpress\/plugins\/seo\/ -->\n<title>Petit d\u00e9jeuner servi en chambre - Hotel et Appartements<\/title>\n<meta name=\"description\" content=\"Le Motel Ascot propose deux formules de petit d\u00e9jeuner: l&#039;express ou le traditionnel. Notre \u00e9tablissement a le plaisir de vous les servir en chambre\" \/>\n<meta name=\"robots\" content=\"index, follow, max-snippet:-1, max-image-preview:large, max-video-preview:-1\" \/>\n<link rel=\"canonical\" href=\"https:\/\/www.motelascot.fr\/services\/petit-dejeuner\/\" \/>\n<meta property=\"og:locale\" content=\"es_ES\" \/>\n<meta property=\"og:type\" content=\"article\" \/>\n<meta property=\"og:title\" content=\"[:fr]Petit d\u00e9jeuner servi en chambre - Hotel Cagnes sur mer[:es]Petit d\u00e9jeuner servi en chambre - Hotel et Appartements [:]\" \/>\n<meta property=\"og:description\" content=\"{:fr}Le Motel Ascot propose deux formules de petit d\u00e9jeuner : l&#039;express ou le traditionnel. Notre \u00e9tablissement a le plaisir de vous les servir en chambre{:es}Le Motel Ascot propose deux formules de petit d\u00e9jeuner: l&#039;express ou le traditionnel. Notre \u00e9tablissement a le plaisir de vous les servir en chambre{:}\" \/>\n<meta property=\"og:url\" content=\"https:\/\/www.motelascot.fr\/services\/petit-dejeuner\/\" \/>\n<meta property=\"og:site_name\" content=\"Motel Ascot\" \/>\n<meta property=\"article:publisher\" content=\"https:\/\/www.facebook.com\/pages\/Motel-Ascot-Cagnes-Sur-Mer\/142181375864060\" \/>\n<meta property=\"article:modified_time\" content=\"2023-04-12T08:19:08+00:00\" \/>\n<meta name=\"twitter:card\" content=\"summary_large_image\" \/>\n<script type=\"application\/ld+json\" class=\"yoast-schema-graph\">{\"@context\":\"https:\/\/schema.org\",\"@graph\":[{\"@type\":\"WebPage\",\"@id\":\"https:\/\/www.motelascot.fr\/services\/petit-dejeuner\/\",\"url\":\"https:\/\/www.motelascot.fr\/services\/petit-dejeuner\/\",\"name\":\"[:fr]Petit d\u00e9jeuner servi en chambre - Hotel Cagnes sur mer[:es]Petit d\u00e9jeuner servi en chambre - Hotel et Appartements [:]\",\"isPartOf\":{\"@id\":\"https:\/\/www.motelascot.fr\/#website\"},\"datePublished\":\"2017-05-23T08:10:39+00:00\",\"dateModified\":\"2023-04-12T08:19:08+00:00\",\"description\":\"{:fr}Le Motel Ascot propose deux formules de petit d\u00e9jeuner : l'express ou le traditionnel. Notre \u00e9tablissement a le plaisir de vous les servir en chambre{:es}Le Motel Ascot propose deux formules de petit d\u00e9jeuner: l'express ou le traditionnel. Notre \u00e9tablissement a le plaisir de vous les servir en chambre{:}\",\"breadcrumb\":{\"@id\":\"https:\/\/www.motelascot.fr\/services\/petit-dejeuner\/#breadcrumb\"},\"inLanguage\":\"es\",\"potentialAction\":[{\"@type\":\"ReadAction\",\"target\":[\"https:\/\/www.motelascot.fr\/services\/petit-dejeuner\/\"]}]},{\"@type\":\"BreadcrumbList\",\"@id\":\"https:\/\/www.motelascot.fr\/services\/petit-dejeuner\/#breadcrumb\",\"itemListElement\":[{\"@type\":\"ListItem\",\"position\":1,\"name\":\"Accueil\",\"item\":\"https:\/\/www.motelascot.fr\/\"},{\"@type\":\"ListItem\",\"position\":2,\"name\":\"Services\",\"item\":\"https:\/\/www.motelascot.fr\/services\/\"},{\"@type\":\"ListItem\",\"position\":3,\"name\":\"Petit d\u00e9jeuner\"}]},{\"@type\":\"WebSite\",\"@id\":\"https:\/\/www.motelascot.fr\/#website\",\"url\":\"https:\/\/www.motelascot.fr\/\",\"name\":\"Motel Ascot\",\"description\":\"H\u00f4tel et Appartements\",\"publisher\":{\"@id\":\"https:\/\/www.motelascot.fr\/#organization\"},\"potentialAction\":[{\"@type\":\"SearchAction\",\"target\":{\"@type\":\"EntryPoint\",\"urlTemplate\":\"https:\/\/www.motelascot.fr\/?s={search_term_string}\"},\"query-input\":{\"@type\":\"PropertyValueSpecification\",\"valueRequired\":true,\"valueName\":\"search_term_string\"}}],\"inLanguage\":\"es\"},{\"@type\":\"Organization\",\"@id\":\"https:\/\/www.motelascot.fr\/#organization\",\"name\":\"Motel Ascot\",\"url\":\"https:\/\/www.motelascot.fr\/\",\"logo\":{\"@type\":\"ImageObject\",\"inLanguage\":\"es\",\"@id\":\"https:\/\/www.motelascot.fr\/#\/schema\/logo\/image\/\",\"url\":\"https:\/\/www.motelascot.fr\/wp-content\/uploads\/2017\/06\/logo.png\",\"contentUrl\":\"https:\/\/www.motelascot.fr\/wp-content\/uploads\/2017\/06\/logo.png\",\"width\":866,\"height\":264,\"caption\":\"Motel Ascot\"},\"image\":{\"@id\":\"https:\/\/www.motelascot.fr\/#\/schema\/logo\/image\/\"},\"sameAs\":[\"https:\/\/www.facebook.com\/pages\/Motel-Ascot-Cagnes-Sur-Mer\/142181375864060\"]}]}<\/script>\n<!-- \/ Yoast SEO plugin. -->","yoast_head_json":{"title":"Petit d\u00e9jeuner servi en chambre - Hotel et Appartements","description":"Le Motel Ascot propose deux formules de petit d\u00e9jeuner: l'express ou le traditionnel. Notre \u00e9tablissement a le plaisir de vous les servir en chambre","robots":{"index":"index","follow":"follow","max-snippet":"max-snippet:-1","max-image-preview":"max-image-preview:large","max-video-preview":"max-video-preview:-1"},"canonical":"https:\/\/www.motelascot.fr\/services\/petit-dejeuner\/","og_locale":"es_ES","og_type":"article","og_title":"[:fr]Petit d\u00e9jeuner servi en chambre - Hotel Cagnes sur mer[:es]Petit d\u00e9jeuner servi en chambre - Hotel et Appartements [:]","og_description":"{:fr}Le Motel Ascot propose deux formules de petit d\u00e9jeuner : l'express ou le traditionnel. Notre \u00e9tablissement a le plaisir de vous les servir en chambre{:es}Le Motel Ascot propose deux formules de petit d\u00e9jeuner: l'express ou le traditionnel. Notre \u00e9tablissement a le plaisir de vous les servir en chambre{:}","og_url":"https:\/\/www.motelascot.fr\/services\/petit-dejeuner\/","og_site_name":"Motel Ascot","article_publisher":"https:\/\/www.facebook.com\/pages\/Motel-Ascot-Cagnes-Sur-Mer\/142181375864060","article_modified_time":"2023-04-12T08:19:08+00:00","twitter_card":"summary_large_image","schema":{"@context":"https:\/\/schema.org","@graph":[{"@type":"WebPage","@id":"https:\/\/www.motelascot.fr\/services\/petit-dejeuner\/","url":"https:\/\/www.motelascot.fr\/services\/petit-dejeuner\/","name":"[:fr]Petit d\u00e9jeuner servi en chambre - Hotel Cagnes sur mer[:es]Petit d\u00e9jeuner servi en chambre - Hotel et Appartements [:]","isPartOf":{"@id":"https:\/\/www.motelascot.fr\/#website"},"datePublished":"2017-05-23T08:10:39+00:00","dateModified":"2023-04-12T08:19:08+00:00","description":"{:fr}Le Motel Ascot propose deux formules de petit d\u00e9jeuner : l'express ou le traditionnel. Notre \u00e9tablissement a le plaisir de vous les servir en chambre{:es}Le Motel Ascot propose deux formules de petit d\u00e9jeuner: l'express ou le traditionnel. Notre \u00e9tablissement a le plaisir de vous les servir en chambre{:}","breadcrumb":{"@id":"https:\/\/www.motelascot.fr\/services\/petit-dejeuner\/#breadcrumb"},"inLanguage":"es","potentialAction":[{"@type":"ReadAction","target":["https:\/\/www.motelascot.fr\/services\/petit-dejeuner\/"]}]},{"@type":"BreadcrumbList","@id":"https:\/\/www.motelascot.fr\/services\/petit-dejeuner\/#breadcrumb","itemListElement":[{"@type":"ListItem","position":1,"name":"Accueil","item":"https:\/\/www.motelascot.fr\/"},{"@type":"ListItem","position":2,"name":"Services","item":"https:\/\/www.motelascot.fr\/services\/"},{"@type":"ListItem","position":3,"name":"Petit d\u00e9jeuner"}]},{"@type":"WebSite","@id":"https:\/\/www.motelascot.fr\/#website","url":"https:\/\/www.motelascot.fr\/","name":"Motel Ascot","description":"H\u00f4tel et Appartements","publisher":{"@id":"https:\/\/www.motelascot.fr\/#organization"},"potentialAction":[{"@type":"SearchAction","target":{"@type":"EntryPoint","urlTemplate":"https:\/\/www.motelascot.fr\/?s={search_term_string}"},"query-input":{"@type":"PropertyValueSpecification","valueRequired":true,"valueName":"search_term_string"}}],"inLanguage":"es"},{"@type":"Organization","@id":"https:\/\/www.motelascot.fr\/#organization","name":"Motel Ascot","url":"https:\/\/www.motelascot.fr\/","logo":{"@type":"ImageObject","inLanguage":"es","@id":"https:\/\/www.motelascot.fr\/#\/schema\/logo\/image\/","url":"https:\/\/www.motelascot.fr\/wp-content\/uploads\/2017\/06\/logo.png","contentUrl":"https:\/\/www.motelascot.fr\/wp-content\/uploads\/2017\/06\/logo.png","width":866,"height":264,"caption":"Motel Ascot"},"image":{"@id":"https:\/\/www.motelascot.fr\/#\/schema\/logo\/image\/"},"sameAs":["https:\/\/www.facebook.com\/pages\/Motel-Ascot-Cagnes-Sur-Mer\/142181375864060"]}]}},"_links":{"self":[{"href":"https:\/\/www.motelascot.fr\/es\/wp-json\/wp\/v2\/pages\/296"}],"collection":[{"href":"https:\/\/www.motelascot.fr\/es\/wp-json\/wp\/v2\/pages"}],"about":[{"href":"https:\/\/www.motelascot.fr\/es\/wp-json\/wp\/v2\/types\/page"}],"author":[{"embeddable":true,"href":"https:\/\/www.motelascot.fr\/es\/wp-json\/wp\/v2\/users\/1"}],"replies":[{"embeddable":true,"href":"https:\/\/www.motelascot.fr\/es\/wp-json\/wp\/v2\/comments?post=296"}],"version-history":[{"count":4,"href":"https:\/\/www.motelascot.fr\/es\/wp-json\/wp\/v2\/pages\/296\/revisions"}],"predecessor-version":[{"id":1169,"href":"https:\/\/www.motelascot.fr\/es\/wp-json\/wp\/v2\/pages\/296\/revisions\/1169"}],"up":[{"embeddable":true,"href":"https:\/\/www.motelascot.fr\/es\/wp-json\/wp\/v2\/pages\/75"}],"wp:attachment":[{"href":"https:\/\/www.motelascot.fr\/es\/wp-json\/wp\/v2\/media?parent=296"}],"curies":[{"name":"wp","href":"https:\/\/api.w.org\/{rel}","templated":true}]}}