{"id":34,"date":"2016-12-07T13:58:57","date_gmt":"2016-12-07T12:58:57","guid":{"rendered":"http:\/\/demo.precisethemes.com\/courtyard\/?page_id=34"},"modified":"2024-03-29T09:32:04","modified_gmt":"2024-03-29T08:32:04","slug":"studio-superieur","status":"publish","type":"page","link":"https:\/\/www.motelascot.fr\/en\/studios-chambres\/studio-superieur\/","title":{"rendered":"Superior Studio"},"content":{"rendered":"1 to 3 adults or 2 adults and 2 children &#8211; 25 m2<br \/>\nTerrace facing south and view on the park<br \/>\nDouble bed + sofa bed<br \/>\nIndependent equipped kitchen<br \/>\nBathroom with bathtub<br \/>\nSatellite TV &#8211; Wifi &#8211; Air conditioning<br \/>\nSafe","protected":false},"excerpt":{"rendered":"<p>1 to 3 adults or 2 adults and 2 children &#8211; 25 m2 Terrace facing south and view on the park Double bed + sofa bed Independent equipped kitchen Bathroom with bathtub Satellite TV &#8211; Wifi &#8211; Air conditioning Safe<\/p>\n","protected":false},"author":1,"featured_media":1259,"parent":65,"menu_order":2,"comment_status":"closed","ping_status":"closed","template":"page-templates\/template-rooms.php","meta":{"footnotes":""},"class_list":["post-34","page","type-page","status-publish","has-post-thumbnail","hentry"],"yoast_head":"<!-- This site is optimized with the Yoast SEO plugin v24.0 - https:\/\/yoast.com\/wordpress\/plugins\/seo\/ -->\n<title>Studio sup\u00e9rieur avec vue mer, Cagnes sur mer, Motel Ascot<\/title>\n<meta name=\"description\" content=\"Pour 2 \u00e0 4 personnes, les studios sup\u00e9rieurs disposent de terrasse privative ensoleill\u00e9e avec vue mer, d&#039;un lit double, d&#039;un canap\u00e9-lit, d&#039;une cuisine...\" \/>\n<meta name=\"robots\" content=\"index, follow, max-snippet:-1, max-image-preview:large, max-video-preview:-1\" \/>\n<link rel=\"canonical\" href=\"https:\/\/www.motelascot.fr\/studios-chambres\/studio-superieur\/\" \/>\n<meta property=\"og:locale\" content=\"en_US\" \/>\n<meta property=\"og:type\" content=\"article\" \/>\n<meta property=\"og:title\" content=\"[:fr]Studio sup\u00e9rieur avec vue mer, Cagnes sur mer, Motel Ascot[:]\" \/>\n<meta property=\"og:description\" content=\"{:fr}Pour 2 \u00e0 4 personnes, les studios sup\u00e9rieurs disposent de terrasse privative ensoleill\u00e9e avec vue mer, d&#039;un lit double, d&#039;un canap\u00e9-lit, d&#039;une cuisine...{:}\" \/>\n<meta property=\"og:url\" content=\"https:\/\/www.motelascot.fr\/studios-chambres\/studio-superieur\/\" \/>\n<meta property=\"og:site_name\" content=\"Motel Ascot\" \/>\n<meta property=\"article:publisher\" content=\"https:\/\/www.facebook.com\/pages\/Motel-Ascot-Cagnes-Sur-Mer\/142181375864060\" \/>\n<meta property=\"article:modified_time\" content=\"2024-03-29T08:32:04+00:00\" \/>\n<meta property=\"og:image\" content=\"https:\/\/www.motelascot.fr\/wp-content\/uploads\/Nouveau-Studio-Motel-Ascot-1-scaled.jpg\" \/>\n\t<meta property=\"og:image:width\" content=\"2560\" \/>\n\t<meta property=\"og:image:height\" content=\"1707\" \/>\n\t<meta property=\"og:image:type\" content=\"image\/jpeg\" \/>\n<meta name=\"twitter:card\" content=\"summary_large_image\" \/>\n<meta name=\"twitter:label1\" content=\"Est. reading time\" \/>\n\t<meta name=\"twitter:data1\" content=\"1 minute\" \/>\n<script type=\"application\/ld+json\" class=\"yoast-schema-graph\">{\"@context\":\"https:\/\/schema.org\",\"@graph\":[{\"@type\":\"WebPage\",\"@id\":\"https:\/\/www.motelascot.fr\/studios-chambres\/studio-superieur\/\",\"url\":\"https:\/\/www.motelascot.fr\/studios-chambres\/studio-superieur\/\",\"name\":\"[:fr]Studio sup\u00e9rieur avec vue mer, Cagnes sur mer, Motel Ascot[:]\",\"isPartOf\":{\"@id\":\"https:\/\/www.motelascot.fr\/#website\"},\"primaryImageOfPage\":{\"@id\":\"https:\/\/www.motelascot.fr\/studios-chambres\/studio-superieur\/#primaryimage\"},\"image\":{\"@id\":\"https:\/\/www.motelascot.fr\/studios-chambres\/studio-superieur\/#primaryimage\"},\"thumbnailUrl\":\"https:\/\/www.motelascot.fr\/wp-content\/uploads\/Nouveau-Studio-Motel-Ascot-1-scaled.jpg\",\"datePublished\":\"2016-12-07T12:58:57+00:00\",\"dateModified\":\"2024-03-29T08:32:04+00:00\",\"description\":\"{:fr}Pour 2 \u00e0 4 personnes, les studios sup\u00e9rieurs disposent de terrasse privative ensoleill\u00e9e avec vue mer, d'un lit double, d'un canap\u00e9-lit, d'une cuisine...{:}\",\"breadcrumb\":{\"@id\":\"https:\/\/www.motelascot.fr\/studios-chambres\/studio-superieur\/#breadcrumb\"},\"inLanguage\":\"en-US\",\"potentialAction\":[{\"@type\":\"ReadAction\",\"target\":[\"https:\/\/www.motelascot.fr\/studios-chambres\/studio-superieur\/\"]}]},{\"@type\":\"ImageObject\",\"inLanguage\":\"en-US\",\"@id\":\"https:\/\/www.motelascot.fr\/studios-chambres\/studio-superieur\/#primaryimage\",\"url\":\"https:\/\/www.motelascot.fr\/wp-content\/uploads\/Nouveau-Studio-Motel-Ascot-1-scaled.jpg\",\"contentUrl\":\"https:\/\/www.motelascot.fr\/wp-content\/uploads\/Nouveau-Studio-Motel-Ascot-1-scaled.jpg\",\"width\":2560,\"height\":1707,\"caption\":\"Lit double dans un salon\"},{\"@type\":\"BreadcrumbList\",\"@id\":\"https:\/\/www.motelascot.fr\/studios-chambres\/studio-superieur\/#breadcrumb\",\"itemListElement\":[{\"@type\":\"ListItem\",\"position\":1,\"name\":\"Accueil\",\"item\":\"https:\/\/www.motelascot.fr\/\"},{\"@type\":\"ListItem\",\"position\":2,\"name\":\"Studios &#038; Chambres\",\"item\":\"https:\/\/www.motelascot.fr\/studios-chambres\/\"},{\"@type\":\"ListItem\",\"position\":3,\"name\":\"Studio Vue Mer\"}]},{\"@type\":\"WebSite\",\"@id\":\"https:\/\/www.motelascot.fr\/#website\",\"url\":\"https:\/\/www.motelascot.fr\/\",\"name\":\"Motel Ascot\",\"description\":\"H\u00f4tel et Appartements\",\"publisher\":{\"@id\":\"https:\/\/www.motelascot.fr\/#organization\"},\"potentialAction\":[{\"@type\":\"SearchAction\",\"target\":{\"@type\":\"EntryPoint\",\"urlTemplate\":\"https:\/\/www.motelascot.fr\/?s={search_term_string}\"},\"query-input\":{\"@type\":\"PropertyValueSpecification\",\"valueRequired\":true,\"valueName\":\"search_term_string\"}}],\"inLanguage\":\"en-US\"},{\"@type\":\"Organization\",\"@id\":\"https:\/\/www.motelascot.fr\/#organization\",\"name\":\"Motel Ascot\",\"url\":\"https:\/\/www.motelascot.fr\/\",\"logo\":{\"@type\":\"ImageObject\",\"inLanguage\":\"en-US\",\"@id\":\"https:\/\/www.motelascot.fr\/#\/schema\/logo\/image\/\",\"url\":\"https:\/\/www.motelascot.fr\/wp-content\/uploads\/2017\/06\/logo.png\",\"contentUrl\":\"https:\/\/www.motelascot.fr\/wp-content\/uploads\/2017\/06\/logo.png\",\"width\":866,\"height\":264,\"caption\":\"Motel Ascot\"},\"image\":{\"@id\":\"https:\/\/www.motelascot.fr\/#\/schema\/logo\/image\/\"},\"sameAs\":[\"https:\/\/www.facebook.com\/pages\/Motel-Ascot-Cagnes-Sur-Mer\/142181375864060\"]}]}<\/script>\n<!-- \/ Yoast SEO plugin. -->","yoast_head_json":{"title":"Studio sup\u00e9rieur avec vue mer, Cagnes sur mer, Motel Ascot","description":"Pour 2 \u00e0 4 personnes, les studios sup\u00e9rieurs disposent de terrasse privative ensoleill\u00e9e avec vue mer, d'un lit double, d'un canap\u00e9-lit, d'une cuisine...","robots":{"index":"index","follow":"follow","max-snippet":"max-snippet:-1","max-image-preview":"max-image-preview:large","max-video-preview":"max-video-preview:-1"},"canonical":"https:\/\/www.motelascot.fr\/studios-chambres\/studio-superieur\/","og_locale":"en_US","og_type":"article","og_title":"[:fr]Studio sup\u00e9rieur avec vue mer, Cagnes sur mer, Motel Ascot[:]","og_description":"{:fr}Pour 2 \u00e0 4 personnes, les studios sup\u00e9rieurs disposent de terrasse privative ensoleill\u00e9e avec vue mer, d'un lit double, d'un canap\u00e9-lit, d'une cuisine...{:}","og_url":"https:\/\/www.motelascot.fr\/studios-chambres\/studio-superieur\/","og_site_name":"Motel Ascot","article_publisher":"https:\/\/www.facebook.com\/pages\/Motel-Ascot-Cagnes-Sur-Mer\/142181375864060","article_modified_time":"2024-03-29T08:32:04+00:00","og_image":[{"width":2560,"height":1707,"url":"https:\/\/www.motelascot.fr\/wp-content\/uploads\/Nouveau-Studio-Motel-Ascot-1-scaled.jpg","type":"image\/jpeg"}],"twitter_card":"summary_large_image","twitter_misc":{"Est. reading time":"1 minute"},"schema":{"@context":"https:\/\/schema.org","@graph":[{"@type":"WebPage","@id":"https:\/\/www.motelascot.fr\/studios-chambres\/studio-superieur\/","url":"https:\/\/www.motelascot.fr\/studios-chambres\/studio-superieur\/","name":"[:fr]Studio sup\u00e9rieur avec vue mer, Cagnes sur mer, Motel Ascot[:]","isPartOf":{"@id":"https:\/\/www.motelascot.fr\/#website"},"primaryImageOfPage":{"@id":"https:\/\/www.motelascot.fr\/studios-chambres\/studio-superieur\/#primaryimage"},"image":{"@id":"https:\/\/www.motelascot.fr\/studios-chambres\/studio-superieur\/#primaryimage"},"thumbnailUrl":"https:\/\/www.motelascot.fr\/wp-content\/uploads\/Nouveau-Studio-Motel-Ascot-1-scaled.jpg","datePublished":"2016-12-07T12:58:57+00:00","dateModified":"2024-03-29T08:32:04+00:00","description":"{:fr}Pour 2 \u00e0 4 personnes, les studios sup\u00e9rieurs disposent de terrasse privative ensoleill\u00e9e avec vue mer, d'un lit double, d'un canap\u00e9-lit, d'une cuisine...{:}","breadcrumb":{"@id":"https:\/\/www.motelascot.fr\/studios-chambres\/studio-superieur\/#breadcrumb"},"inLanguage":"en-US","potentialAction":[{"@type":"ReadAction","target":["https:\/\/www.motelascot.fr\/studios-chambres\/studio-superieur\/"]}]},{"@type":"ImageObject","inLanguage":"en-US","@id":"https:\/\/www.motelascot.fr\/studios-chambres\/studio-superieur\/#primaryimage","url":"https:\/\/www.motelascot.fr\/wp-content\/uploads\/Nouveau-Studio-Motel-Ascot-1-scaled.jpg","contentUrl":"https:\/\/www.motelascot.fr\/wp-content\/uploads\/Nouveau-Studio-Motel-Ascot-1-scaled.jpg","width":2560,"height":1707,"caption":"Lit double dans un salon"},{"@type":"BreadcrumbList","@id":"https:\/\/www.motelascot.fr\/studios-chambres\/studio-superieur\/#breadcrumb","itemListElement":[{"@type":"ListItem","position":1,"name":"Accueil","item":"https:\/\/www.motelascot.fr\/"},{"@type":"ListItem","position":2,"name":"Studios &#038; Chambres","item":"https:\/\/www.motelascot.fr\/studios-chambres\/"},{"@type":"ListItem","position":3,"name":"Studio Vue Mer"}]},{"@type":"WebSite","@id":"https:\/\/www.motelascot.fr\/#website","url":"https:\/\/www.motelascot.fr\/","name":"Motel Ascot","description":"H\u00f4tel et Appartements","publisher":{"@id":"https:\/\/www.motelascot.fr\/#organization"},"potentialAction":[{"@type":"SearchAction","target":{"@type":"EntryPoint","urlTemplate":"https:\/\/www.motelascot.fr\/?s={search_term_string}"},"query-input":{"@type":"PropertyValueSpecification","valueRequired":true,"valueName":"search_term_string"}}],"inLanguage":"en-US"},{"@type":"Organization","@id":"https:\/\/www.motelascot.fr\/#organization","name":"Motel Ascot","url":"https:\/\/www.motelascot.fr\/","logo":{"@type":"ImageObject","inLanguage":"en-US","@id":"https:\/\/www.motelascot.fr\/#\/schema\/logo\/image\/","url":"https:\/\/www.motelascot.fr\/wp-content\/uploads\/2017\/06\/logo.png","contentUrl":"https:\/\/www.motelascot.fr\/wp-content\/uploads\/2017\/06\/logo.png","width":866,"height":264,"caption":"Motel Ascot"},"image":{"@id":"https:\/\/www.motelascot.fr\/#\/schema\/logo\/image\/"},"sameAs":["https:\/\/www.facebook.com\/pages\/Motel-Ascot-Cagnes-Sur-Mer\/142181375864060"]}]}},"_links":{"self":[{"href":"https:\/\/www.motelascot.fr\/en\/wp-json\/wp\/v2\/pages\/34"}],"collection":[{"href":"https:\/\/www.motelascot.fr\/en\/wp-json\/wp\/v2\/pages"}],"about":[{"href":"https:\/\/www.motelascot.fr\/en\/wp-json\/wp\/v2\/types\/page"}],"author":[{"embeddable":true,"href":"https:\/\/www.motelascot.fr\/en\/wp-json\/wp\/v2\/users\/1"}],"replies":[{"embeddable":true,"href":"https:\/\/www.motelascot.fr\/en\/wp-json\/wp\/v2\/comments?post=34"}],"version-history":[{"count":5,"href":"https:\/\/www.motelascot.fr\/en\/wp-json\/wp\/v2\/pages\/34\/revisions"}],"predecessor-version":[{"id":1268,"href":"https:\/\/www.motelascot.fr\/en\/wp-json\/wp\/v2\/pages\/34\/revisions\/1268"}],"up":[{"embeddable":true,"href":"https:\/\/www.motelascot.fr\/en\/wp-json\/wp\/v2\/pages\/65"}],"wp:featuredmedia":[{"embeddable":true,"href":"https:\/\/www.motelascot.fr\/en\/wp-json\/wp\/v2\/media\/1259"}],"wp:attachment":[{"href":"https:\/\/www.motelascot.fr\/en\/wp-json\/wp\/v2\/media?parent=34"}],"curies":[{"name":"wp","href":"https:\/\/api.w.org\/{rel}","templated":true}]}}