{"id":218,"date":"2017-04-05T04:43:46","date_gmt":"2017-04-05T04:43:46","guid":{"rendered":"http:\/\/demo.precisethemes.com\/courtyard\/?page_id=218"},"modified":"2020-09-08T12:21:14","modified_gmt":"2020-09-08T10:21:14","slug":"tarifs-offres","status":"publish","type":"page","link":"https:\/\/www.motelascot.fr\/en\/tarifs-offres\/","title":{"rendered":"Rates &#038; Offers"},"content":{"rendered":"<table class=\"tarifs\" dir=\"ltr\" border=\"1\" cellspacing=\"0\" cellpadding=\"0\">\n<colgroup>\n<col width=\"528\" \/>\n<col width=\"100\" \/>\n<col width=\"100\" \/>\n<col width=\"100\" \/>\n<col width=\"100\" \/><\/colgroup>\n<tbody>\n<tr class=\"tarifs-head\">\n<td>TARIFFS 2017<\/td>\n<td colspan=\"1\" rowspan=\"2\">NIGHT<\/td>\n<td colspan=\"1\" rowspan=\"2\">WEEK<\/td>\n<td colspan=\"1\" rowspan=\"2\">\n<div>14\u00a0NIGHTS<\/div>\n<\/td>\n<td colspan=\"1\" rowspan=\"2\">\n<div>21\u00a0NIGHTS<\/div>\n<\/td>\n<\/tr>\n<tr class=\"tarifs-head\">\n<td>VALID FROM 1 JANUARY TO 31 DECEMBER 2017 (Price in \u20ac)<\/td>\n<\/tr>\n<tr class=\"tarifs-spacer\">\n<td colspan=\"5\" rowspan=\"1\"><\/td>\n<\/tr>\n<tr class=\"tarifs-bs\">\n<td colspan=\"5\" rowspan=\"1\">LOW SEASON (From 01\/01 to 30\/04 &#8211; from 01\/10 to 15\/11 and from 15\/12 to 31\/12)<\/td>\n<\/tr>\n<tr class=\"tarifs-bs\">\n<td>SUPERIOR STUDIO<\/td>\n<td>65<\/td>\n<td>455<\/td>\n<td>910<\/td>\n<td>1365<\/td>\n<\/tr>\n<tr class=\"tarifs-bs\">\n<td>SUPERIOR\u00a0APARTMENT<\/td>\n<td>80<\/td>\n<td>560<\/td>\n<td>1120<\/td>\n<td>1680<\/td>\n<\/tr>\n<tr class=\"tarifs-bs\">\n<td>STANDARD STUDIO (1\/3 pers. ou 2+2 children*)<\/td>\n<td>60<\/td>\n<td>420<\/td>\n<td>700<\/td>\n<td>840<\/td>\n<\/tr>\n<tr class=\"tarifs-bs\">\n<td>STANDARD APARTMENT (2\/5 pers.)<\/td>\n<td>75<\/td>\n<td>525<\/td>\n<td>840<\/td>\n<td>1050<\/td>\n<\/tr>\n<tr class=\"tarifs-bs\">\n<td>SUPERIOR ROOM (1\/2 pers.)<\/td>\n<td>55<\/td>\n<td>385<\/td>\n<td>630<\/td>\n<td>735<\/td>\n<\/tr>\n<tr class=\"tarifs-spacer\">\n<td colspan=\"5\" rowspan=\"1\"><\/td>\n<\/tr>\n<tr class=\"tarifs-s\">\n<td colspan=\"5\" rowspan=\"1\">SEASON (From 01\/05 to 10\/07 and from 27\/08 to 30\/09)<\/td>\n<\/tr>\n<tr class=\"tarifs-s\">\n<td>SUPERIOR STUDIO<\/td>\n<td>75<\/td>\n<td>525<\/td>\n<td>1050<\/td>\n<td>1575<\/td>\n<\/tr>\n<tr class=\"tarifs-s\">\n<td>SUPERIOR\u00a0APARTMENT<\/td>\n<td>90<\/td>\n<td>630<\/td>\n<td>1260<\/td>\n<td>1890<\/td>\n<\/tr>\n<tr class=\"tarifs-s\">\n<td>STANDARD STUDIO (1\/3 pers. ou 2+2 children*)<\/td>\n<td>70<\/td>\n<td>490<\/td>\n<td>840<\/td>\n<td>1050<\/td>\n<\/tr>\n<tr class=\"tarifs-s\">\n<td>STANDARD APARTMENT (2\/5 pers.)<\/td>\n<td>85<\/td>\n<td>595<\/td>\n<td>1050<\/td>\n<td>1365<\/td>\n<\/tr>\n<tr class=\"tarifs-s\">\n<td>SUPERIOR ROOM (1\/2 pers.)<\/td>\n<td>65<\/td>\n<td>455<\/td>\n<td>770<\/td>\n<td>945<\/td>\n<\/tr>\n<tr class=\"tarifs-spacer\">\n<td colspan=\"5\" rowspan=\"1\"><\/td>\n<\/tr>\n<tr class=\"tarifs-hs\">\n<td colspan=\"5\" rowspan=\"1\">HIGH SEASON (From 11\/07 to 26\/08)<\/td>\n<\/tr>\n<tr class=\"tarifs-hs\">\n<td>SUPERIOR STUDIO<\/td>\n<td>95<\/td>\n<td>665<\/td>\n<td>1330<\/td>\n<td>1995<\/td>\n<\/tr>\n<tr class=\"tarifs-hs\">\n<td>SUPERIOR\u00a0APARTMENT<\/td>\n<td>110<\/td>\n<td>770<\/td>\n<td>1540<\/td>\n<td>2310<\/td>\n<\/tr>\n<tr class=\"tarifs-hs\">\n<td>STANDARD STUDIO (1\/3 pers. ou 2+2 children*)<\/td>\n<td>90<\/td>\n<td>630<\/td>\n<td>1120<\/td>\n<td>1575<\/td>\n<\/tr>\n<tr class=\"tarifs-hs\">\n<td>STANDARD APARTMENT (2\/5 pers.)<\/td>\n<td>105<\/td>\n<td>735<\/td>\n<td>1330<\/td>\n<td>1785<\/td>\n<\/tr>\n<tr class=\"tarifs-hs\">\n<td>SUPERIOR ROOM (1\/2 pers.)<\/td>\n<td>80<\/td>\n<td>560<\/td>\n<td>1050<\/td>\n<td>1470<\/td>\n<\/tr>\n<\/tbody>\n<\/table>\n<ul>\n<li>Tourist tax: 0,50 \u20ac per person and per day<\/li>\n<li>Express breakfast: 5 \u20ac<\/li>\n<li>Traditional breakfast: 8 \u20ac<\/li>\n<li>Booking Garage by the day: 6 \u20ac low season, 7 \u20ac high season.<\/li>\n<\/ul>","protected":false},"excerpt":{"rendered":"<p>TARIFFS 2017 NIGHT WEEK 14\u00a0NIGHTS 21\u00a0NIGHTS VALID FROM 1 JANUARY TO 31 DECEMBER 2017 (Price in \u20ac) LOW SEASON (From 01\/01 to 30\/04 &#8211; from 01\/10 to 15\/11 and from 15\/12 to 31\/12) SUPERIOR STUDIO 65 455 910 1365 SUPERIOR\u00a0APARTMENT&#8230;<\/p>\n","protected":false},"author":1,"featured_media":0,"parent":0,"menu_order":0,"comment_status":"closed","ping_status":"closed","template":"","meta":{"footnotes":""},"class_list":["post-218","page","type-page","status-publish","hentry"],"yoast_head":"<!-- This site is optimized with the Yoast SEO plugin v24.0 - https:\/\/yoast.com\/wordpress\/plugins\/seo\/ -->\n<title>Tarifs Chambres, Studios et Appartements - Motel Ascot<\/title>\n<meta name=\"description\" content=\"Situ\u00e9 \u00e0 quelques m\u00e8tres des plages et au coeur de la C\u00f4te d&#039;Azur, le Motel Ascot propose des s\u00e9jours adapt\u00e9s et \u00e0 des prix raisonnables\" \/>\n<meta name=\"robots\" content=\"index, follow, max-snippet:-1, max-image-preview:large, max-video-preview:-1\" \/>\n<link rel=\"canonical\" href=\"https:\/\/www.motelascot.fr\/tarifs-offres\/\" \/>\n<meta property=\"og:locale\" content=\"en_US\" \/>\n<meta property=\"og:type\" content=\"article\" \/>\n<meta property=\"og:title\" content=\"[:fr]Tarifs Chambres, Studios et Appartements - Motel Ascot[:]\" \/>\n<meta property=\"og:description\" content=\"{:fr}Situ\u00e9 \u00e0 quelques m\u00e8tres des plages et au coeur de la C\u00f4te d&#039;Azur, le Motel Ascot propose des s\u00e9jours adapt\u00e9s et \u00e0 des prix raisonnables {:}\" \/>\n<meta property=\"og:url\" content=\"https:\/\/www.motelascot.fr\/tarifs-offres\/\" \/>\n<meta property=\"og:site_name\" content=\"Motel Ascot\" \/>\n<meta property=\"article:publisher\" content=\"https:\/\/www.facebook.com\/pages\/Motel-Ascot-Cagnes-Sur-Mer\/142181375864060\" \/>\n<meta property=\"article:modified_time\" content=\"2020-09-08T10:21:14+00:00\" \/>\n<meta name=\"twitter:card\" content=\"summary_large_image\" \/>\n<meta name=\"twitter:label1\" content=\"Est. reading time\" \/>\n\t<meta name=\"twitter:data1\" content=\"4 minutes\" \/>\n<script type=\"application\/ld+json\" class=\"yoast-schema-graph\">{\"@context\":\"https:\/\/schema.org\",\"@graph\":[{\"@type\":\"WebPage\",\"@id\":\"https:\/\/www.motelascot.fr\/tarifs-offres\/\",\"url\":\"https:\/\/www.motelascot.fr\/tarifs-offres\/\",\"name\":\"[:fr]Tarifs Chambres, Studios et Appartements - Motel Ascot[:]\",\"isPartOf\":{\"@id\":\"https:\/\/www.motelascot.fr\/#website\"},\"datePublished\":\"2017-04-05T04:43:46+00:00\",\"dateModified\":\"2020-09-08T10:21:14+00:00\",\"description\":\"{:fr}Situ\u00e9 \u00e0 quelques m\u00e8tres des plages et au coeur de la C\u00f4te d'Azur, le Motel Ascot propose des s\u00e9jours adapt\u00e9s et \u00e0 des prix raisonnables {:}\",\"breadcrumb\":{\"@id\":\"https:\/\/www.motelascot.fr\/tarifs-offres\/#breadcrumb\"},\"inLanguage\":\"en-US\",\"potentialAction\":[{\"@type\":\"ReadAction\",\"target\":[\"https:\/\/www.motelascot.fr\/tarifs-offres\/\"]}]},{\"@type\":\"BreadcrumbList\",\"@id\":\"https:\/\/www.motelascot.fr\/tarifs-offres\/#breadcrumb\",\"itemListElement\":[{\"@type\":\"ListItem\",\"position\":1,\"name\":\"Accueil\",\"item\":\"https:\/\/www.motelascot.fr\/\"},{\"@type\":\"ListItem\",\"position\":2,\"name\":\"Tarifs et offres\"}]},{\"@type\":\"WebSite\",\"@id\":\"https:\/\/www.motelascot.fr\/#website\",\"url\":\"https:\/\/www.motelascot.fr\/\",\"name\":\"Motel Ascot\",\"description\":\"H\u00f4tel et Appartements\",\"publisher\":{\"@id\":\"https:\/\/www.motelascot.fr\/#organization\"},\"potentialAction\":[{\"@type\":\"SearchAction\",\"target\":{\"@type\":\"EntryPoint\",\"urlTemplate\":\"https:\/\/www.motelascot.fr\/?s={search_term_string}\"},\"query-input\":{\"@type\":\"PropertyValueSpecification\",\"valueRequired\":true,\"valueName\":\"search_term_string\"}}],\"inLanguage\":\"en-US\"},{\"@type\":\"Organization\",\"@id\":\"https:\/\/www.motelascot.fr\/#organization\",\"name\":\"Motel Ascot\",\"url\":\"https:\/\/www.motelascot.fr\/\",\"logo\":{\"@type\":\"ImageObject\",\"inLanguage\":\"en-US\",\"@id\":\"https:\/\/www.motelascot.fr\/#\/schema\/logo\/image\/\",\"url\":\"https:\/\/www.motelascot.fr\/wp-content\/uploads\/2017\/06\/logo.png\",\"contentUrl\":\"https:\/\/www.motelascot.fr\/wp-content\/uploads\/2017\/06\/logo.png\",\"width\":866,\"height\":264,\"caption\":\"Motel Ascot\"},\"image\":{\"@id\":\"https:\/\/www.motelascot.fr\/#\/schema\/logo\/image\/\"},\"sameAs\":[\"https:\/\/www.facebook.com\/pages\/Motel-Ascot-Cagnes-Sur-Mer\/142181375864060\"]}]}<\/script>\n<!-- \/ Yoast SEO plugin. -->","yoast_head_json":{"title":"Tarifs Chambres, Studios et Appartements - Motel Ascot","description":"Situ\u00e9 \u00e0 quelques m\u00e8tres des plages et au coeur de la C\u00f4te d'Azur, le Motel Ascot propose des s\u00e9jours adapt\u00e9s et \u00e0 des prix raisonnables","robots":{"index":"index","follow":"follow","max-snippet":"max-snippet:-1","max-image-preview":"max-image-preview:large","max-video-preview":"max-video-preview:-1"},"canonical":"https:\/\/www.motelascot.fr\/tarifs-offres\/","og_locale":"en_US","og_type":"article","og_title":"[:fr]Tarifs Chambres, Studios et Appartements - Motel Ascot[:]","og_description":"{:fr}Situ\u00e9 \u00e0 quelques m\u00e8tres des plages et au coeur de la C\u00f4te d'Azur, le Motel Ascot propose des s\u00e9jours adapt\u00e9s et \u00e0 des prix raisonnables {:}","og_url":"https:\/\/www.motelascot.fr\/tarifs-offres\/","og_site_name":"Motel Ascot","article_publisher":"https:\/\/www.facebook.com\/pages\/Motel-Ascot-Cagnes-Sur-Mer\/142181375864060","article_modified_time":"2020-09-08T10:21:14+00:00","twitter_card":"summary_large_image","twitter_misc":{"Est. reading time":"4 minutes"},"schema":{"@context":"https:\/\/schema.org","@graph":[{"@type":"WebPage","@id":"https:\/\/www.motelascot.fr\/tarifs-offres\/","url":"https:\/\/www.motelascot.fr\/tarifs-offres\/","name":"[:fr]Tarifs Chambres, Studios et Appartements - Motel Ascot[:]","isPartOf":{"@id":"https:\/\/www.motelascot.fr\/#website"},"datePublished":"2017-04-05T04:43:46+00:00","dateModified":"2020-09-08T10:21:14+00:00","description":"{:fr}Situ\u00e9 \u00e0 quelques m\u00e8tres des plages et au coeur de la C\u00f4te d'Azur, le Motel Ascot propose des s\u00e9jours adapt\u00e9s et \u00e0 des prix raisonnables {:}","breadcrumb":{"@id":"https:\/\/www.motelascot.fr\/tarifs-offres\/#breadcrumb"},"inLanguage":"en-US","potentialAction":[{"@type":"ReadAction","target":["https:\/\/www.motelascot.fr\/tarifs-offres\/"]}]},{"@type":"BreadcrumbList","@id":"https:\/\/www.motelascot.fr\/tarifs-offres\/#breadcrumb","itemListElement":[{"@type":"ListItem","position":1,"name":"Accueil","item":"https:\/\/www.motelascot.fr\/"},{"@type":"ListItem","position":2,"name":"Tarifs et offres"}]},{"@type":"WebSite","@id":"https:\/\/www.motelascot.fr\/#website","url":"https:\/\/www.motelascot.fr\/","name":"Motel Ascot","description":"H\u00f4tel et Appartements","publisher":{"@id":"https:\/\/www.motelascot.fr\/#organization"},"potentialAction":[{"@type":"SearchAction","target":{"@type":"EntryPoint","urlTemplate":"https:\/\/www.motelascot.fr\/?s={search_term_string}"},"query-input":{"@type":"PropertyValueSpecification","valueRequired":true,"valueName":"search_term_string"}}],"inLanguage":"en-US"},{"@type":"Organization","@id":"https:\/\/www.motelascot.fr\/#organization","name":"Motel Ascot","url":"https:\/\/www.motelascot.fr\/","logo":{"@type":"ImageObject","inLanguage":"en-US","@id":"https:\/\/www.motelascot.fr\/#\/schema\/logo\/image\/","url":"https:\/\/www.motelascot.fr\/wp-content\/uploads\/2017\/06\/logo.png","contentUrl":"https:\/\/www.motelascot.fr\/wp-content\/uploads\/2017\/06\/logo.png","width":866,"height":264,"caption":"Motel Ascot"},"image":{"@id":"https:\/\/www.motelascot.fr\/#\/schema\/logo\/image\/"},"sameAs":["https:\/\/www.facebook.com\/pages\/Motel-Ascot-Cagnes-Sur-Mer\/142181375864060"]}]}},"_links":{"self":[{"href":"https:\/\/www.motelascot.fr\/en\/wp-json\/wp\/v2\/pages\/218"}],"collection":[{"href":"https:\/\/www.motelascot.fr\/en\/wp-json\/wp\/v2\/pages"}],"about":[{"href":"https:\/\/www.motelascot.fr\/en\/wp-json\/wp\/v2\/types\/page"}],"author":[{"embeddable":true,"href":"https:\/\/www.motelascot.fr\/en\/wp-json\/wp\/v2\/users\/1"}],"replies":[{"embeddable":true,"href":"https:\/\/www.motelascot.fr\/en\/wp-json\/wp\/v2\/comments?post=218"}],"version-history":[{"count":13,"href":"https:\/\/www.motelascot.fr\/en\/wp-json\/wp\/v2\/pages\/218\/revisions"}],"predecessor-version":[{"id":650,"href":"https:\/\/www.motelascot.fr\/en\/wp-json\/wp\/v2\/pages\/218\/revisions\/650"}],"wp:attachment":[{"href":"https:\/\/www.motelascot.fr\/en\/wp-json\/wp\/v2\/media?parent=218"}],"curies":[{"name":"wp","href":"https:\/\/api.w.org\/{rel}","templated":true}]}}