{"id":1173,"date":"2024-03-25T11:39:01","date_gmt":"2024-03-25T10:39:01","guid":{"rendered":"https:\/\/www.motelascot.fr\/?page_id=1173"},"modified":"2025-01-19T09:39:38","modified_gmt":"2025-01-19T08:39:38","slug":"studio-superieur-avec-terrasse-vue-mer-et-parc","status":"publish","type":"page","link":"https:\/\/www.motelascot.fr\/en\/studios-chambres\/studio-superieur-avec-terrasse-vue-mer-et-parc\/","title":{"rendered":"Studio sup\u00e9rieur avec terrasse vue mer"},"content":{"rendered":"<p class=\"qtranxs-available-languages-message qtranxs-available-languages-message-en\"> <\/p>","protected":false},"excerpt":{"rendered":"","protected":false},"author":1,"featured_media":1259,"parent":65,"menu_order":1,"comment_status":"closed","ping_status":"closed","template":"page-templates\/template-rooms.php","meta":{"footnotes":""},"class_list":["post-1173","page","type-page","status-publish","has-post-thumbnail","hentry"],"yoast_head":"<!-- This site is optimized with the Yoast SEO plugin v24.0 - https:\/\/yoast.com\/wordpress\/plugins\/seo\/ -->\n<title>Studio sup\u00e9rieur avec terrasse vue mer - Motel Ascot<\/title>\n<meta name=\"description\" content=\"Le Motel Ascot a r\u00e9cemment r\u00e9nov\u00e9 une partie de ses logements avec vue mer dans le but de mieux accueillir ses h\u00f4tes\" \/>\n<meta name=\"robots\" content=\"index, follow, max-snippet:-1, max-image-preview:large, max-video-preview:-1\" \/>\n<link rel=\"canonical\" href=\"https:\/\/www.motelascot.fr\/studios-chambres\/studio-superieur-avec-terrasse-vue-mer-et-parc\/\" \/>\n<meta property=\"og:locale\" content=\"en_US\" \/>\n<meta property=\"og:type\" content=\"article\" \/>\n<meta property=\"og:title\" content=\"Studio sup\u00e9rieur avec terrasse vue mer - Motel Ascot\" \/>\n<meta property=\"og:description\" content=\"{:fr}Le Motel Ascot a r\u00e9cemment r\u00e9nov\u00e9 une partie de ses logements avec vue mer dans le but de mieux accueillir ses h\u00f4tes{:}\" \/>\n<meta property=\"og:url\" content=\"https:\/\/www.motelascot.fr\/studios-chambres\/studio-superieur-avec-terrasse-vue-mer-et-parc\/\" \/>\n<meta property=\"og:site_name\" content=\"Motel Ascot\" \/>\n<meta property=\"article:publisher\" content=\"https:\/\/www.facebook.com\/pages\/Motel-Ascot-Cagnes-Sur-Mer\/142181375864060\" \/>\n<meta property=\"article:modified_time\" content=\"2025-01-19T08:39:38+00:00\" \/>\n<meta property=\"og:image\" content=\"https:\/\/www.motelascot.fr\/wp-content\/uploads\/Nouveau-Studio-Motel-Ascot-1-scaled.jpg\" \/>\n\t<meta property=\"og:image:width\" content=\"2560\" \/>\n\t<meta property=\"og:image:height\" content=\"1707\" \/>\n\t<meta property=\"og:image:type\" content=\"image\/jpeg\" \/>\n<meta name=\"twitter:card\" content=\"summary_large_image\" \/>\n<meta name=\"twitter:label1\" content=\"Est. reading time\" \/>\n\t<meta name=\"twitter:data1\" content=\"1 minute\" \/>\n<script type=\"application\/ld+json\" class=\"yoast-schema-graph\">{\"@context\":\"https:\/\/schema.org\",\"@graph\":[{\"@type\":\"WebPage\",\"@id\":\"https:\/\/www.motelascot.fr\/studios-chambres\/studio-superieur-avec-terrasse-vue-mer-et-parc\/\",\"url\":\"https:\/\/www.motelascot.fr\/studios-chambres\/studio-superieur-avec-terrasse-vue-mer-et-parc\/\",\"name\":\"Studio sup\u00e9rieur avec terrasse vue mer - Motel Ascot\",\"isPartOf\":{\"@id\":\"https:\/\/www.motelascot.fr\/#website\"},\"primaryImageOfPage\":{\"@id\":\"https:\/\/www.motelascot.fr\/studios-chambres\/studio-superieur-avec-terrasse-vue-mer-et-parc\/#primaryimage\"},\"image\":{\"@id\":\"https:\/\/www.motelascot.fr\/studios-chambres\/studio-superieur-avec-terrasse-vue-mer-et-parc\/#primaryimage\"},\"thumbnailUrl\":\"https:\/\/www.motelascot.fr\/wp-content\/uploads\/Nouveau-Studio-Motel-Ascot-1-scaled.jpg\",\"datePublished\":\"2024-03-25T10:39:01+00:00\",\"dateModified\":\"2025-01-19T08:39:38+00:00\",\"description\":\"{:fr}Le Motel Ascot a r\u00e9cemment r\u00e9nov\u00e9 une partie de ses logements avec vue mer dans le but de mieux accueillir ses h\u00f4tes{:}\",\"breadcrumb\":{\"@id\":\"https:\/\/www.motelascot.fr\/studios-chambres\/studio-superieur-avec-terrasse-vue-mer-et-parc\/#breadcrumb\"},\"inLanguage\":\"en-US\",\"potentialAction\":[{\"@type\":\"ReadAction\",\"target\":[\"https:\/\/www.motelascot.fr\/studios-chambres\/studio-superieur-avec-terrasse-vue-mer-et-parc\/\"]}]},{\"@type\":\"ImageObject\",\"inLanguage\":\"en-US\",\"@id\":\"https:\/\/www.motelascot.fr\/studios-chambres\/studio-superieur-avec-terrasse-vue-mer-et-parc\/#primaryimage\",\"url\":\"https:\/\/www.motelascot.fr\/wp-content\/uploads\/Nouveau-Studio-Motel-Ascot-1-scaled.jpg\",\"contentUrl\":\"https:\/\/www.motelascot.fr\/wp-content\/uploads\/Nouveau-Studio-Motel-Ascot-1-scaled.jpg\",\"width\":2560,\"height\":1707,\"caption\":\"Lit double dans un salon\"},{\"@type\":\"BreadcrumbList\",\"@id\":\"https:\/\/www.motelascot.fr\/studios-chambres\/studio-superieur-avec-terrasse-vue-mer-et-parc\/#breadcrumb\",\"itemListElement\":[{\"@type\":\"ListItem\",\"position\":1,\"name\":\"Accueil\",\"item\":\"https:\/\/www.motelascot.fr\/\"},{\"@type\":\"ListItem\",\"position\":2,\"name\":\"Studios &#038; Chambres\",\"item\":\"https:\/\/www.motelascot.fr\/studios-chambres\/\"},{\"@type\":\"ListItem\",\"position\":3,\"name\":\"Studio sup\u00e9rieur avec terrasse vue mer\"}]},{\"@type\":\"WebSite\",\"@id\":\"https:\/\/www.motelascot.fr\/#website\",\"url\":\"https:\/\/www.motelascot.fr\/\",\"name\":\"Motel Ascot\",\"description\":\"H\u00f4tel et Appartements\",\"publisher\":{\"@id\":\"https:\/\/www.motelascot.fr\/#organization\"},\"potentialAction\":[{\"@type\":\"SearchAction\",\"target\":{\"@type\":\"EntryPoint\",\"urlTemplate\":\"https:\/\/www.motelascot.fr\/?s={search_term_string}\"},\"query-input\":{\"@type\":\"PropertyValueSpecification\",\"valueRequired\":true,\"valueName\":\"search_term_string\"}}],\"inLanguage\":\"en-US\"},{\"@type\":\"Organization\",\"@id\":\"https:\/\/www.motelascot.fr\/#organization\",\"name\":\"Motel Ascot\",\"url\":\"https:\/\/www.motelascot.fr\/\",\"logo\":{\"@type\":\"ImageObject\",\"inLanguage\":\"en-US\",\"@id\":\"https:\/\/www.motelascot.fr\/#\/schema\/logo\/image\/\",\"url\":\"https:\/\/www.motelascot.fr\/wp-content\/uploads\/2017\/06\/logo.png\",\"contentUrl\":\"https:\/\/www.motelascot.fr\/wp-content\/uploads\/2017\/06\/logo.png\",\"width\":866,\"height\":264,\"caption\":\"Motel Ascot\"},\"image\":{\"@id\":\"https:\/\/www.motelascot.fr\/#\/schema\/logo\/image\/\"},\"sameAs\":[\"https:\/\/www.facebook.com\/pages\/Motel-Ascot-Cagnes-Sur-Mer\/142181375864060\"]}]}<\/script>\n<!-- \/ Yoast SEO plugin. -->","yoast_head_json":{"title":"Studio sup\u00e9rieur avec terrasse vue mer - Motel Ascot","description":"Le Motel Ascot a r\u00e9cemment r\u00e9nov\u00e9 une partie de ses logements avec vue mer dans le but de mieux accueillir ses h\u00f4tes","robots":{"index":"index","follow":"follow","max-snippet":"max-snippet:-1","max-image-preview":"max-image-preview:large","max-video-preview":"max-video-preview:-1"},"canonical":"https:\/\/www.motelascot.fr\/studios-chambres\/studio-superieur-avec-terrasse-vue-mer-et-parc\/","og_locale":"en_US","og_type":"article","og_title":"Studio sup\u00e9rieur avec terrasse vue mer - Motel Ascot","og_description":"{:fr}Le Motel Ascot a r\u00e9cemment r\u00e9nov\u00e9 une partie de ses logements avec vue mer dans le but de mieux accueillir ses h\u00f4tes{:}","og_url":"https:\/\/www.motelascot.fr\/studios-chambres\/studio-superieur-avec-terrasse-vue-mer-et-parc\/","og_site_name":"Motel Ascot","article_publisher":"https:\/\/www.facebook.com\/pages\/Motel-Ascot-Cagnes-Sur-Mer\/142181375864060","article_modified_time":"2025-01-19T08:39:38+00:00","og_image":[{"width":2560,"height":1707,"url":"https:\/\/www.motelascot.fr\/wp-content\/uploads\/Nouveau-Studio-Motel-Ascot-1-scaled.jpg","type":"image\/jpeg"}],"twitter_card":"summary_large_image","twitter_misc":{"Est. reading time":"1 minute"},"schema":{"@context":"https:\/\/schema.org","@graph":[{"@type":"WebPage","@id":"https:\/\/www.motelascot.fr\/studios-chambres\/studio-superieur-avec-terrasse-vue-mer-et-parc\/","url":"https:\/\/www.motelascot.fr\/studios-chambres\/studio-superieur-avec-terrasse-vue-mer-et-parc\/","name":"Studio sup\u00e9rieur avec terrasse vue mer - Motel Ascot","isPartOf":{"@id":"https:\/\/www.motelascot.fr\/#website"},"primaryImageOfPage":{"@id":"https:\/\/www.motelascot.fr\/studios-chambres\/studio-superieur-avec-terrasse-vue-mer-et-parc\/#primaryimage"},"image":{"@id":"https:\/\/www.motelascot.fr\/studios-chambres\/studio-superieur-avec-terrasse-vue-mer-et-parc\/#primaryimage"},"thumbnailUrl":"https:\/\/www.motelascot.fr\/wp-content\/uploads\/Nouveau-Studio-Motel-Ascot-1-scaled.jpg","datePublished":"2024-03-25T10:39:01+00:00","dateModified":"2025-01-19T08:39:38+00:00","description":"{:fr}Le Motel Ascot a r\u00e9cemment r\u00e9nov\u00e9 une partie de ses logements avec vue mer dans le but de mieux accueillir ses h\u00f4tes{:}","breadcrumb":{"@id":"https:\/\/www.motelascot.fr\/studios-chambres\/studio-superieur-avec-terrasse-vue-mer-et-parc\/#breadcrumb"},"inLanguage":"en-US","potentialAction":[{"@type":"ReadAction","target":["https:\/\/www.motelascot.fr\/studios-chambres\/studio-superieur-avec-terrasse-vue-mer-et-parc\/"]}]},{"@type":"ImageObject","inLanguage":"en-US","@id":"https:\/\/www.motelascot.fr\/studios-chambres\/studio-superieur-avec-terrasse-vue-mer-et-parc\/#primaryimage","url":"https:\/\/www.motelascot.fr\/wp-content\/uploads\/Nouveau-Studio-Motel-Ascot-1-scaled.jpg","contentUrl":"https:\/\/www.motelascot.fr\/wp-content\/uploads\/Nouveau-Studio-Motel-Ascot-1-scaled.jpg","width":2560,"height":1707,"caption":"Lit double dans un salon"},{"@type":"BreadcrumbList","@id":"https:\/\/www.motelascot.fr\/studios-chambres\/studio-superieur-avec-terrasse-vue-mer-et-parc\/#breadcrumb","itemListElement":[{"@type":"ListItem","position":1,"name":"Accueil","item":"https:\/\/www.motelascot.fr\/"},{"@type":"ListItem","position":2,"name":"Studios &#038; Chambres","item":"https:\/\/www.motelascot.fr\/studios-chambres\/"},{"@type":"ListItem","position":3,"name":"Studio sup\u00e9rieur avec terrasse vue mer"}]},{"@type":"WebSite","@id":"https:\/\/www.motelascot.fr\/#website","url":"https:\/\/www.motelascot.fr\/","name":"Motel Ascot","description":"H\u00f4tel et Appartements","publisher":{"@id":"https:\/\/www.motelascot.fr\/#organization"},"potentialAction":[{"@type":"SearchAction","target":{"@type":"EntryPoint","urlTemplate":"https:\/\/www.motelascot.fr\/?s={search_term_string}"},"query-input":{"@type":"PropertyValueSpecification","valueRequired":true,"valueName":"search_term_string"}}],"inLanguage":"en-US"},{"@type":"Organization","@id":"https:\/\/www.motelascot.fr\/#organization","name":"Motel Ascot","url":"https:\/\/www.motelascot.fr\/","logo":{"@type":"ImageObject","inLanguage":"en-US","@id":"https:\/\/www.motelascot.fr\/#\/schema\/logo\/image\/","url":"https:\/\/www.motelascot.fr\/wp-content\/uploads\/2017\/06\/logo.png","contentUrl":"https:\/\/www.motelascot.fr\/wp-content\/uploads\/2017\/06\/logo.png","width":866,"height":264,"caption":"Motel Ascot"},"image":{"@id":"https:\/\/www.motelascot.fr\/#\/schema\/logo\/image\/"},"sameAs":["https:\/\/www.facebook.com\/pages\/Motel-Ascot-Cagnes-Sur-Mer\/142181375864060"]}]}},"_links":{"self":[{"href":"https:\/\/www.motelascot.fr\/en\/wp-json\/wp\/v2\/pages\/1173"}],"collection":[{"href":"https:\/\/www.motelascot.fr\/en\/wp-json\/wp\/v2\/pages"}],"about":[{"href":"https:\/\/www.motelascot.fr\/en\/wp-json\/wp\/v2\/types\/page"}],"author":[{"embeddable":true,"href":"https:\/\/www.motelascot.fr\/en\/wp-json\/wp\/v2\/users\/1"}],"replies":[{"embeddable":true,"href":"https:\/\/www.motelascot.fr\/en\/wp-json\/wp\/v2\/comments?post=1173"}],"version-history":[{"count":5,"href":"https:\/\/www.motelascot.fr\/en\/wp-json\/wp\/v2\/pages\/1173\/revisions"}],"predecessor-version":[{"id":1449,"href":"https:\/\/www.motelascot.fr\/en\/wp-json\/wp\/v2\/pages\/1173\/revisions\/1449"}],"up":[{"embeddable":true,"href":"https:\/\/www.motelascot.fr\/en\/wp-json\/wp\/v2\/pages\/65"}],"wp:featuredmedia":[{"embeddable":true,"href":"https:\/\/www.motelascot.fr\/en\/wp-json\/wp\/v2\/media\/1259"}],"wp:attachment":[{"href":"https:\/\/www.motelascot.fr\/en\/wp-json\/wp\/v2\/media?parent=1173"}],"curies":[{"name":"wp","href":"https:\/\/api.w.org\/{rel}","templated":true}]}}