{"id":6,"date":"2017-05-22T09:11:29","date_gmt":"2017-05-22T07:11:29","guid":{"rendered":"http:\/\/localhost:8888\/home\/"},"modified":"2017-09-19T16:08:29","modified_gmt":"2017-09-19T14:08:29","slug":"accueil","status":"publish","type":"page","link":"https:\/\/www.motelascot.fr\/de\/","title":{"rendered":"Accueil"},"content":{"rendered":"","protected":false},"excerpt":{"rendered":"","protected":false},"author":1,"featured_media":0,"parent":0,"menu_order":0,"comment_status":"closed","ping_status":"closed","template":"page-templates\/template-front-page.php","meta":{"footnotes":""},"class_list":["post-6","page","type-page","status-publish","hentry"],"yoast_head":"<!-- This site is optimized with the Yoast SEO plugin v24.0 - https:\/\/yoast.com\/wordpress\/plugins\/seo\/ -->\n<title>Le Motel Ascot, \u00e0 50 m\u00e8tres des plages et au coeur de la C\u00f4te d&#039;Azur<\/title>\n<meta name=\"description\" content=\"A moins de 10 km de l&#039;a\u00e9roport et \u00e0 moins de 500 m\u00e8tres de l&#039;hippodrome, le Motel Ascot vous accueille pour vos vacances entre amis, ou en famille\" \/>\n<meta name=\"robots\" content=\"index, follow, max-snippet:-1, max-image-preview:large, max-video-preview:-1\" \/>\n<link rel=\"canonical\" href=\"https:\/\/www.motelascot.fr\/\" \/>\n<meta property=\"og:locale\" content=\"de_DE\" \/>\n<meta property=\"og:type\" content=\"article\" \/>\n<meta property=\"og:title\" content=\"Le Motel Ascot, \u00e0 50 m\u00e8tres des plages et au coeur de la C\u00f4te d&#039;Azur\" \/>\n<meta property=\"og:description\" content=\"A moins de 10 km de l&#039;a\u00e9roport et \u00e0 moins de 500 m\u00e8tres de l&#039;hippodrome, le Motel Ascot vous accueille pour vos vacances entre amis, ou en famille\" \/>\n<meta property=\"og:url\" content=\"https:\/\/www.motelascot.fr\/\" \/>\n<meta property=\"og:site_name\" content=\"Motel Ascot\" \/>\n<meta property=\"article:publisher\" content=\"https:\/\/www.facebook.com\/pages\/Motel-Ascot-Cagnes-Sur-Mer\/142181375864060\" \/>\n<meta property=\"article:modified_time\" content=\"2017-09-19T14:08:29+00:00\" \/>\n<meta name=\"twitter:card\" content=\"summary_large_image\" \/>\n<script type=\"application\/ld+json\" class=\"yoast-schema-graph\">{\"@context\":\"https:\/\/schema.org\",\"@graph\":[{\"@type\":\"WebPage\",\"@id\":\"https:\/\/www.motelascot.fr\/\",\"url\":\"https:\/\/www.motelascot.fr\/\",\"name\":\"Le Motel Ascot, \u00e0 50 m\u00e8tres des plages et au coeur de la C\u00f4te d'Azur\",\"isPartOf\":{\"@id\":\"https:\/\/www.motelascot.fr\/#website\"},\"datePublished\":\"2017-05-22T07:11:29+00:00\",\"dateModified\":\"2017-09-19T14:08:29+00:00\",\"description\":\"A moins de 10 km de l'a\u00e9roport et \u00e0 moins de 500 m\u00e8tres de l'hippodrome, le Motel Ascot vous accueille pour vos vacances entre amis, ou en famille\",\"breadcrumb\":{\"@id\":\"https:\/\/www.motelascot.fr\/#breadcrumb\"},\"inLanguage\":\"de\",\"potentialAction\":[{\"@type\":\"ReadAction\",\"target\":[\"https:\/\/www.motelascot.fr\/\"]}]},{\"@type\":\"BreadcrumbList\",\"@id\":\"https:\/\/www.motelascot.fr\/#breadcrumb\",\"itemListElement\":[{\"@type\":\"ListItem\",\"position\":1,\"name\":\"Accueil\",\"item\":\"https:\/\/www.motelascot.fr\/\"},{\"@type\":\"ListItem\",\"position\":2,\"name\":\"Accueil\"}]},{\"@type\":\"WebSite\",\"@id\":\"https:\/\/www.motelascot.fr\/#website\",\"url\":\"https:\/\/www.motelascot.fr\/\",\"name\":\"Motel Ascot\",\"description\":\"H\u00f4tel et Appartements\",\"publisher\":{\"@id\":\"https:\/\/www.motelascot.fr\/#organization\"},\"potentialAction\":[{\"@type\":\"SearchAction\",\"target\":{\"@type\":\"EntryPoint\",\"urlTemplate\":\"https:\/\/www.motelascot.fr\/?s={search_term_string}\"},\"query-input\":{\"@type\":\"PropertyValueSpecification\",\"valueRequired\":true,\"valueName\":\"search_term_string\"}}],\"inLanguage\":\"de\"},{\"@type\":\"Organization\",\"@id\":\"https:\/\/www.motelascot.fr\/#organization\",\"name\":\"Motel Ascot\",\"url\":\"https:\/\/www.motelascot.fr\/\",\"logo\":{\"@type\":\"ImageObject\",\"inLanguage\":\"de\",\"@id\":\"https:\/\/www.motelascot.fr\/#\/schema\/logo\/image\/\",\"url\":\"https:\/\/www.motelascot.fr\/wp-content\/uploads\/2017\/06\/logo.png\",\"contentUrl\":\"https:\/\/www.motelascot.fr\/wp-content\/uploads\/2017\/06\/logo.png\",\"width\":866,\"height\":264,\"caption\":\"Motel Ascot\"},\"image\":{\"@id\":\"https:\/\/www.motelascot.fr\/#\/schema\/logo\/image\/\"},\"sameAs\":[\"https:\/\/www.facebook.com\/pages\/Motel-Ascot-Cagnes-Sur-Mer\/142181375864060\"]}]}<\/script>\n<!-- \/ Yoast SEO plugin. -->","yoast_head_json":{"title":"Le Motel Ascot, \u00e0 50 m\u00e8tres des plages et au coeur de la C\u00f4te d'Azur","description":"A moins de 10 km de l'a\u00e9roport et \u00e0 moins de 500 m\u00e8tres de l'hippodrome, le Motel Ascot vous accueille pour vos vacances entre amis, ou en famille","robots":{"index":"index","follow":"follow","max-snippet":"max-snippet:-1","max-image-preview":"max-image-preview:large","max-video-preview":"max-video-preview:-1"},"canonical":"https:\/\/www.motelascot.fr\/","og_locale":"de_DE","og_type":"article","og_title":"Le Motel Ascot, \u00e0 50 m\u00e8tres des plages et au coeur de la C\u00f4te d'Azur","og_description":"A moins de 10 km de l'a\u00e9roport et \u00e0 moins de 500 m\u00e8tres de l'hippodrome, le Motel Ascot vous accueille pour vos vacances entre amis, ou en famille","og_url":"https:\/\/www.motelascot.fr\/","og_site_name":"Motel Ascot","article_publisher":"https:\/\/www.facebook.com\/pages\/Motel-Ascot-Cagnes-Sur-Mer\/142181375864060","article_modified_time":"2017-09-19T14:08:29+00:00","twitter_card":"summary_large_image","schema":{"@context":"https:\/\/schema.org","@graph":[{"@type":"WebPage","@id":"https:\/\/www.motelascot.fr\/","url":"https:\/\/www.motelascot.fr\/","name":"Le Motel Ascot, \u00e0 50 m\u00e8tres des plages et au coeur de la C\u00f4te d'Azur","isPartOf":{"@id":"https:\/\/www.motelascot.fr\/#website"},"datePublished":"2017-05-22T07:11:29+00:00","dateModified":"2017-09-19T14:08:29+00:00","description":"A moins de 10 km de l'a\u00e9roport et \u00e0 moins de 500 m\u00e8tres de l'hippodrome, le Motel Ascot vous accueille pour vos vacances entre amis, ou en famille","breadcrumb":{"@id":"https:\/\/www.motelascot.fr\/#breadcrumb"},"inLanguage":"de","potentialAction":[{"@type":"ReadAction","target":["https:\/\/www.motelascot.fr\/"]}]},{"@type":"BreadcrumbList","@id":"https:\/\/www.motelascot.fr\/#breadcrumb","itemListElement":[{"@type":"ListItem","position":1,"name":"Accueil","item":"https:\/\/www.motelascot.fr\/"},{"@type":"ListItem","position":2,"name":"Accueil"}]},{"@type":"WebSite","@id":"https:\/\/www.motelascot.fr\/#website","url":"https:\/\/www.motelascot.fr\/","name":"Motel Ascot","description":"H\u00f4tel et Appartements","publisher":{"@id":"https:\/\/www.motelascot.fr\/#organization"},"potentialAction":[{"@type":"SearchAction","target":{"@type":"EntryPoint","urlTemplate":"https:\/\/www.motelascot.fr\/?s={search_term_string}"},"query-input":{"@type":"PropertyValueSpecification","valueRequired":true,"valueName":"search_term_string"}}],"inLanguage":"de"},{"@type":"Organization","@id":"https:\/\/www.motelascot.fr\/#organization","name":"Motel Ascot","url":"https:\/\/www.motelascot.fr\/","logo":{"@type":"ImageObject","inLanguage":"de","@id":"https:\/\/www.motelascot.fr\/#\/schema\/logo\/image\/","url":"https:\/\/www.motelascot.fr\/wp-content\/uploads\/2017\/06\/logo.png","contentUrl":"https:\/\/www.motelascot.fr\/wp-content\/uploads\/2017\/06\/logo.png","width":866,"height":264,"caption":"Motel Ascot"},"image":{"@id":"https:\/\/www.motelascot.fr\/#\/schema\/logo\/image\/"},"sameAs":["https:\/\/www.facebook.com\/pages\/Motel-Ascot-Cagnes-Sur-Mer\/142181375864060"]}]}},"_links":{"self":[{"href":"https:\/\/www.motelascot.fr\/de\/wp-json\/wp\/v2\/pages\/6"}],"collection":[{"href":"https:\/\/www.motelascot.fr\/de\/wp-json\/wp\/v2\/pages"}],"about":[{"href":"https:\/\/www.motelascot.fr\/de\/wp-json\/wp\/v2\/types\/page"}],"author":[{"embeddable":true,"href":"https:\/\/www.motelascot.fr\/de\/wp-json\/wp\/v2\/users\/1"}],"replies":[{"embeddable":true,"href":"https:\/\/www.motelascot.fr\/de\/wp-json\/wp\/v2\/comments?post=6"}],"version-history":[{"count":1,"href":"https:\/\/www.motelascot.fr\/de\/wp-json\/wp\/v2\/pages\/6\/revisions"}],"predecessor-version":[{"id":626,"href":"https:\/\/www.motelascot.fr\/de\/wp-json\/wp\/v2\/pages\/6\/revisions\/626"}],"wp:attachment":[{"href":"https:\/\/www.motelascot.fr\/de\/wp-json\/wp\/v2\/media?parent=6"}],"curies":[{"name":"wp","href":"https:\/\/api.w.org\/{rel}","templated":true}]}}